{"id":81,"date":"2016-12-20T15:16:50","date_gmt":"2016-12-20T15:16:50","guid":{"rendered":"http:\/\/www.ccabogados.com\/ccabogados\/?page_id=81"},"modified":"2023-05-10T11:19:23","modified_gmt":"2023-05-10T16:19:23","slug":"boquete","status":"publish","type":"page","link":"https:\/\/www.ccabogados.com\/es\/boquete\/","title":{"rendered":"Boquete"},"content":{"rendered":"<div class='row'><div style='padding-bottom:35px; padding-top:0px; padding-left:15px; padding-right:15px' class='col-xs-12 col-sm-6 first-module module_number_1 module_cont  center_title module_imagefield'><div class=\"module_wrapper auto_height_mode\">\n                <div class='image_box image_type_default image_align_left image_size_default'>\n                    \n                            <div class='image_wrapper'>\n                                <img src='http:\/\/www.ccabogados.com\/wp-content\/uploads\/2016\/12\/abogados-en-boquete-chiriqui.jpg' alt='' \/>\n                            <\/div>\n                        \n                <\/div>\n            <\/div>\n            <\/div><div style='padding-bottom:35px; padding-top:0px; padding-left:15px; padding-right:15px' class='col-xs-12 col-sm-6  module_number_2 module_cont  center_title module_text_area'><div class=\"module_wrapper\">\n                <div class='module_content'>\n                    <p style=\"text-align: justify;\">Boquete&nbsp;es una regi&oacute;n&nbsp;localizada al norte de la&nbsp;provincia de Chiriqu&iacute; en Panam&aacute;.<\/p>\r\n<p style=\"text-align: justify;\">Boquete adem&aacute;s cuenta con muchas costumbres y tradiciones como los son la Feria de las Flores y el Caf&eacute;, el cual es uno de los eventos feriales m&aacute;s importantes del pa&iacute;s.<\/p>\r\n<p style=\"text-align: justify;\">Su clima es muy agradable y en este lugar se pueden encontrar diversos hoteles, caba&ntilde;as y hostales, por lo que es muy apetecido para visitar por turistas nacionales y extranjeros.<\/p>\r\n<p style=\"text-align: justify;\">Si usted es residente de Boquete en Panam&aacute; y requiere de servicios legales o de abogados, en esta zona nuestra empresa Candanedo Correa Abogados tiene su &aacute;rea de influencia. Le ofrecemos variedad de servicios legales, contamos con un equipo profesional y de amplia experiencia. Le invitamos a contactarnos, le podemos atender en cualquier momento.<\/p>\n                <\/div><\/div><\/div><\/div><div class='row'><div style='padding-bottom:35px; padding-top:0px; padding-left:15px; padding-right:15px' class='col-xs-12  module_number_3 module_cont  center_title module_infoboxes'><div class=\"module_wrapper\"><div class='bg_title text_align_left' style='text-align:left; '><h2 style='' class='headInModule'>Servicios <\/h2><span class='subtitle'>Entre los servicios que brindamos en la ciudad de Boquete, Chiriqu\u00ed se encuentran los siguientes. <\/span><div class='heading_title_divider' style='border-color:#e4e6e8;'><\/div><\/div><ul class='info_box_list items_per_line_3'>\n                        <li class='info_box'>\n                            <i class='fa fa-check-circle'><\/i>\n                            <h3><a href=\"\/es\/portfolio\/derecho-corporativo-comercial-y-contratos\/\">Derecho Corporativo y Contratos<\/a><\/h3>\n                            <p>Diariamente, como parte de nuestra vida cotidiana, todos los ciudadanos realizamos relaciones comerciales...<\/p>\n                        <\/li>\n                    \n                        <li class='info_box'>\n                            <i class='fa fa-check-circle'><\/i>\n                            <h3><a href=\"\/es\/portfolio\/litigios\/\">Litigios<\/a><\/h3>\n                            <p>En el \u00e1mbito comercial, no es extra\u00f1o que surjan conflictos entre personas y empresas que pueden degenerar...<\/p>\n                        <\/li>\n                    \n                        <li class='info_box'>\n                            <i class='fa fa-check-circle'><\/i>\n                            <h3><a href=\"\/es\/portfolio\/seguros\/\">Seguros<\/a><\/h3>\n                            <p>El modelo econ\u00f3mico paname\u00f1o, con su abundante, intensa y  prometedora actividad empresarial, cuenta con un r\u00e9gimen...<\/p>\n                        <\/li>\n                    \n                        <li class='info_box'>\n                            <i class='fa fa-check-circle'><\/i>\n                            <h3><a href=\"\/es\/portfolio\/asesoria-en-bienes-raices\/\">Asesor\u00eda en bienes ra\u00edces<\/a><\/h3>\n                            <p>Por su ubicaci\u00f3n estrat\u00e9gica, la din\u00e1mica empresarial, los recursos naturales y la estabilidad de su econom\u00eda, Panam\u00e1 es un pa\u00eds...<\/p>\n                        <\/li>\n                    \n                        <li class='info_box'>\n                            <i class='fa fa-check-circle'><\/i>\n                            <h3><a href=\"\/es\/portfolio\/fiscal\/\">Fiscal<\/a><\/h3>\n                            <p>Una de las actividades que m\u00e1s quita el sue\u00f1o a empresarios y profesionales, tiene que ver con las obligaciones tributarias...<\/p>\n                        <\/li>\n                    \n                        <li class='info_box'>\n                            <i class='fa fa-check-circle'><\/i>\n                            <h3><a href=\"\/es\/portfolio\/laboral\/\">Laboral<\/a><\/h3>\n                            <p>Todos los trabajadores y todas las empresas \u2013desde la peque\u00f1a compa\u00f1\u00eda familiar hasta la corporaci\u00f3n multinacional...<\/p>\n                        <\/li>\n                    \n                        <li class='info_box'>\n                            <i class='fa fa-check-circle'><\/i>\n                            <h3><a href=\"\/es\/portfolio\/migracion\/\">Migraci\u00f3n<\/a><\/h3>\n                            <p>Por su hermoso territorio, por el clima pol\u00edtico y de inversiones, por la amabilidad de la gente\u2026 Panam\u00e1 es un pa\u00eds...<\/p>\n                        <\/li>\n                    \n                        <li class='info_box'>\n                            <i class='fa fa-check-circle'><\/i>\n                            <h3><a href=\"\/es\/portfolio\/procesos-administrativos\/\">Procesos administrativos<\/a><\/h3>\n                            <p>Panam\u00e1 ofrece un amplio abanico de oportunidades para el desarrollo empresarial, en \u00e1reas tan sugestivas como el desarrollo...<\/p>\n                        <\/li>\n                    <\/ul><\/div><\/div><\/div>","protected":false},"excerpt":{"rendered":"<p>Boquete&nbsp;es una regi&oacute;n&nbsp;localizada al norte de la&nbsp;provincia de Chiriqu&iacute; en Panam&aacute;. Boquete adem&aacute;s cuenta con muchas costumbres y tradiciones como los son la Feria de las Flores y el Caf&eacute;, el cual es uno de los eventos feriales m&aacute;s importantes del pa&iacute;s. Su clima es muy agradable y en este lugar se pueden encontrar diversos hoteles, caba&ntilde;as y hostales, por lo que es muy apetecido para visitar por turistas nacionales y extranjeros. Si usted es residente de Boquete en Panam&aacute; y requiere de servicios legales o de abogados, en esta zona nuestra empresa Candanedo Correa Abogados tiene su &aacute;rea de influencia. Le ofrecemos variedad de servicios legales, contamos con un equipo profesional y de amplia experiencia. Le invitamos a contactarnos, le podemos atender en cualquier momento. Servicios Entre los servicios que brindamos en la ciudad de Boquete, Chiriqu\u00ed se encuentran los siguientes. Derecho Corporativo y Contratos Diariamente, como parte de nuestra vida cotidiana, todos los ciudadanos realizamos relaciones comerciales&#8230; Litigios En el \u00e1mbito comercial, no es extra\u00f1o que surjan conflictos entre personas y empresas que pueden degenerar&#8230; Seguros El modelo econ\u00f3mico paname\u00f1o, con su abundante, intensa y prometedora actividad empresarial, cuenta con un r\u00e9gimen&#8230; Asesor\u00eda en bienes ra\u00edces Por su [&hellip;]<\/p>\n","protected":false},"author":2,"featured_media":0,"parent":0,"menu_order":0,"comment_status":"closed","ping_status":"closed","template":"","meta":{"footnotes":""},"class_list":["post-81","page","type-page","status-publish","hentry"],"yoast_head":"<!-- This site is optimized with the Yoast SEO plugin v23.7 - https:\/\/yoast.com\/wordpress\/plugins\/seo\/ -->\n<title>Abogados en Boquete, Chiriqu\u00ed - Servicios legales y de asesor\u00eda - Panam\u00e1<\/title>\n<meta name=\"description\" content=\"Servicios legales y de abogados en Boquete. Derecho Corporativo y Contratos, Litigios, Seguros, Asesor\u00eda en bienes ra\u00edces, Fiscal, Laboral, Migraci\u00f3n.\" \/>\n<meta name=\"robots\" content=\"index, follow, max-snippet:-1, max-image-preview:large, max-video-preview:-1\" \/>\n<link rel=\"canonical\" href=\"https:\/\/www.ccabogados.com\/boquete\/\" \/>\n<meta property=\"og:locale\" content=\"es_ES\" \/>\n<meta property=\"og:type\" content=\"article\" \/>\n<meta property=\"og:title\" content=\"Abogados en Boquete, Chiriqu\u00ed - Servicios legales y de asesor\u00eda - Panam\u00e1\" \/>\n<meta property=\"og:description\" content=\"Servicios legales y de abogados en Boquete. Derecho Corporativo y Contratos, Litigios, Seguros, Asesor\u00eda en bienes ra\u00edces, Fiscal, Laboral, Migraci\u00f3n.\" \/>\n<meta property=\"og:url\" content=\"https:\/\/www.ccabogados.com\/boquete\/\" \/>\n<meta property=\"og:site_name\" content=\"CC Abogados\" \/>\n<meta property=\"article:modified_time\" content=\"2023-05-10T16:19:23+00:00\" \/>\n<meta name=\"twitter:card\" content=\"summary_large_image\" \/>\n<script type=\"application\/ld+json\" class=\"yoast-schema-graph\">{\"@context\":\"https:\/\/schema.org\",\"@graph\":[{\"@type\":\"WebPage\",\"@id\":\"https:\/\/www.ccabogados.com\/boquete\/\",\"url\":\"https:\/\/www.ccabogados.com\/boquete\/\",\"name\":\"Abogados en Boquete, Chiriqu\u00ed - Servicios legales y de asesor\u00eda - Panam\u00e1\",\"isPartOf\":{\"@id\":\"https:\/\/www.ccabogados.com\/#website\"},\"datePublished\":\"2016-12-20T15:16:50+00:00\",\"dateModified\":\"2023-05-10T16:19:23+00:00\",\"description\":\"Servicios legales y de abogados en Boquete. Derecho Corporativo y Contratos, Litigios, Seguros, Asesor\u00eda en bienes ra\u00edces, Fiscal, Laboral, Migraci\u00f3n.\",\"breadcrumb\":{\"@id\":\"https:\/\/www.ccabogados.com\/boquete\/#breadcrumb\"},\"inLanguage\":\"es\",\"potentialAction\":[{\"@type\":\"ReadAction\",\"target\":[\"https:\/\/www.ccabogados.com\/boquete\/\"]}]},{\"@type\":\"BreadcrumbList\",\"@id\":\"https:\/\/www.ccabogados.com\/boquete\/#breadcrumb\",\"itemListElement\":[{\"@type\":\"ListItem\",\"position\":1,\"name\":\"Home\",\"item\":\"https:\/\/www.ccabogados.com\/es\/\"},{\"@type\":\"ListItem\",\"position\":2,\"name\":\"Boquete\"}]},{\"@type\":\"WebSite\",\"@id\":\"https:\/\/www.ccabogados.com\/#website\",\"url\":\"https:\/\/www.ccabogados.com\/\",\"name\":\"CC Abogados\",\"description\":\"Abogados, David, Panam\u00e1\",\"potentialAction\":[{\"@type\":\"SearchAction\",\"target\":{\"@type\":\"EntryPoint\",\"urlTemplate\":\"https:\/\/www.ccabogados.com\/?s={search_term_string}\"},\"query-input\":{\"@type\":\"PropertyValueSpecification\",\"valueRequired\":true,\"valueName\":\"search_term_string\"}}],\"inLanguage\":\"es\"}]}<\/script>\n<!-- \/ Yoast SEO plugin. -->","yoast_head_json":{"title":"Abogados en Boquete, Chiriqu\u00ed - Servicios legales y de asesor\u00eda - Panam\u00e1","description":"Servicios legales y de abogados en Boquete. Derecho Corporativo y Contratos, Litigios, Seguros, Asesor\u00eda en bienes ra\u00edces, Fiscal, Laboral, Migraci\u00f3n.","robots":{"index":"index","follow":"follow","max-snippet":"max-snippet:-1","max-image-preview":"max-image-preview:large","max-video-preview":"max-video-preview:-1"},"canonical":"https:\/\/www.ccabogados.com\/boquete\/","og_locale":"es_ES","og_type":"article","og_title":"Abogados en Boquete, Chiriqu\u00ed - Servicios legales y de asesor\u00eda - Panam\u00e1","og_description":"Servicios legales y de abogados en Boquete. Derecho Corporativo y Contratos, Litigios, Seguros, Asesor\u00eda en bienes ra\u00edces, Fiscal, Laboral, Migraci\u00f3n.","og_url":"https:\/\/www.ccabogados.com\/boquete\/","og_site_name":"CC Abogados","article_modified_time":"2023-05-10T16:19:23+00:00","twitter_card":"summary_large_image","schema":{"@context":"https:\/\/schema.org","@graph":[{"@type":"WebPage","@id":"https:\/\/www.ccabogados.com\/boquete\/","url":"https:\/\/www.ccabogados.com\/boquete\/","name":"Abogados en Boquete, Chiriqu\u00ed - Servicios legales y de asesor\u00eda - Panam\u00e1","isPartOf":{"@id":"https:\/\/www.ccabogados.com\/#website"},"datePublished":"2016-12-20T15:16:50+00:00","dateModified":"2023-05-10T16:19:23+00:00","description":"Servicios legales y de abogados en Boquete. Derecho Corporativo y Contratos, Litigios, Seguros, Asesor\u00eda en bienes ra\u00edces, Fiscal, Laboral, Migraci\u00f3n.","breadcrumb":{"@id":"https:\/\/www.ccabogados.com\/boquete\/#breadcrumb"},"inLanguage":"es","potentialAction":[{"@type":"ReadAction","target":["https:\/\/www.ccabogados.com\/boquete\/"]}]},{"@type":"BreadcrumbList","@id":"https:\/\/www.ccabogados.com\/boquete\/#breadcrumb","itemListElement":[{"@type":"ListItem","position":1,"name":"Home","item":"https:\/\/www.ccabogados.com\/es\/"},{"@type":"ListItem","position":2,"name":"Boquete"}]},{"@type":"WebSite","@id":"https:\/\/www.ccabogados.com\/#website","url":"https:\/\/www.ccabogados.com\/","name":"CC Abogados","description":"Abogados, David, Panam\u00e1","potentialAction":[{"@type":"SearchAction","target":{"@type":"EntryPoint","urlTemplate":"https:\/\/www.ccabogados.com\/?s={search_term_string}"},"query-input":{"@type":"PropertyValueSpecification","valueRequired":true,"valueName":"search_term_string"}}],"inLanguage":"es"}]}},"_links":{"self":[{"href":"https:\/\/www.ccabogados.com\/es\/wp-json\/wp\/v2\/pages\/81"}],"collection":[{"href":"https:\/\/www.ccabogados.com\/es\/wp-json\/wp\/v2\/pages"}],"about":[{"href":"https:\/\/www.ccabogados.com\/es\/wp-json\/wp\/v2\/types\/page"}],"author":[{"embeddable":true,"href":"https:\/\/www.ccabogados.com\/es\/wp-json\/wp\/v2\/users\/2"}],"replies":[{"embeddable":true,"href":"https:\/\/www.ccabogados.com\/es\/wp-json\/wp\/v2\/comments?post=81"}],"version-history":[{"count":1,"href":"https:\/\/www.ccabogados.com\/es\/wp-json\/wp\/v2\/pages\/81\/revisions"}],"predecessor-version":[{"id":83,"href":"https:\/\/www.ccabogados.com\/es\/wp-json\/wp\/v2\/pages\/81\/revisions\/83"}],"wp:attachment":[{"href":"https:\/\/www.ccabogados.com\/es\/wp-json\/wp\/v2\/media?parent=81"}],"curies":[{"name":"wp","href":"https:\/\/api.w.org\/{rel}","templated":true}]}}