{"id":516,"date":"2022-07-18T12:19:10","date_gmt":"2022-07-18T17:19:10","guid":{"rendered":"https:\/\/www.ccabogados.com\/?page_id=516\/"},"modified":"2024-06-05T13:55:22","modified_gmt":"2024-06-05T18:55:22","slug":"cuidad-de-panama","status":"publish","type":"page","link":"https:\/\/www.ccabogados.com\/es\/cuidad-de-panama\/","title":{"rendered":"Cuidad de Panam\u00e1"},"content":{"rendered":"<div class='row'><div style='padding-bottom:35px; padding-top:0px; padding-left:15px; padding-right:15px' class='col-xs-12 col-sm-6 first-module module_number_1 module_cont  center_title module_imagefield'><div class=\"module_wrapper auto_height_mode\">\n                <div class='image_box image_type_default image_align_left image_size_default'>\n                    \n                            <div class='image_wrapper'>\n                                <img src='https:\/\/www.ccabogados.com\/wp-content\/uploads\/2022\/07\/ciudad-de-panama.jpg' alt='' \/>\n                            <\/div>\n                        \n                <\/div>\n            <\/div>\n            <\/div><div style='padding-bottom:35px; padding-top:0px; padding-left:15px; padding-right:15px' class='col-xs-12 col-sm-6  module_number_2 module_cont  center_title module_text_area'><div class=\"module_wrapper\">\n                <div class='module_content'>\n                    <p style=\"margin: 0cm 0cm 19.5pt; text-align: justify; line-height: 150%; background-image: initial; background-position: initial; background-size: initial; background-repeat: initial; background-attachment: initial; background-origin: initial; background-clip: initial; vertical-align: baseline;\">Panam&aacute; es el pa&iacute;s de ensue&ntilde;o para miles de personas en el mundo. Hablamos de la segunda econom&iacute;a de mayor crecimiento en Am&eacute;rica Latina, seg&uacute;n el <a href=\"https:\/\/www.weforum.org\/events\/world-economic-forum-on-asean-2016\" target=\"_blank\" rel=\"noopener\">Foro Econ&oacute;mico Mundial.&nbsp;<\/a><\/p>\r\n<p style=\"margin: 0cm 0cm 19.5pt; text-align: justify; line-height: 150%; background-image: initial; background-position: initial; background-size: initial; background-repeat: initial; background-attachment: initial; background-origin: initial; background-clip: initial; vertical-align: baseline;\">En efecto, los &iacute;ndices econ&oacute;micos paname&ntilde;os son muy alentadores para invertir, poner tu propio negocio o comprar bienes ra&iacute;ces.&nbsp;<\/p>\r\n<p style=\"margin: 0cm 0cm 19.5pt; text-align: justify; line-height: 150%; background-image: initial; background-position: initial; background-size: initial; background-repeat: initial; background-attachment: initial; background-origin: initial; background-clip: initial; vertical-align: baseline;\">De hecho, desde la apertura del canal, en 1914, Panam&aacute; ha sido un importante polo comercial y estrat&eacute;gico de negocios.&nbsp;<\/p>\r\n<p style=\"margin: 0cm 0cm 19.5pt; text-align: justify; line-height: 150%; background-image: initial; background-position: initial; background-size: initial; background-repeat: initial; background-attachment: initial; background-origin: initial; background-clip: initial; vertical-align: baseline;\">En nuestro pa&iacute;s, los servicios financieros y legales, las compa&ntilde;&iacute;as de manufactura, el turismo y la gran oferta comercial, complementan la actividad econ&oacute;mica del pa&iacute;s.&nbsp;&nbsp;<\/p>\r\n<p style=\"margin: 0cm 0cm 19.5pt; text-align: justify; line-height: 150%; background-image: initial; background-position: initial; background-size: initial; background-repeat: initial; background-attachment: initial; background-origin: initial; background-clip: initial; vertical-align: baseline;\">Recordemos tambi&eacute;n que la s&oacute;lida econom&iacute;a de Panam&aacute; est&aacute; fundamentada en el d&oacute;lar americano, que es la moneda oficial del pa&iacute;s, facilitando la comprensi&oacute;n de precios e intercambios para los visitantes y residentes extranjeros.&nbsp;<\/p>\r\n<p style=\"margin: 0cm 0cm 19.5pt; text-align: justify; line-height: 150%; background-image: initial; background-position: initial; background-size: initial; background-repeat: initial; background-attachment: initial; background-origin: initial; background-clip: initial; vertical-align: baseline;\">Por otro lado, somos tambi&eacute;n uno de los pa&iacute;ses m&aacute;s seguros de Centroam&eacute;rica.&nbsp;<\/p>\n                <\/div><\/div><\/div><\/div><div class='row'><div style='padding-bottom:35px; padding-top:0px; padding-left:15px; padding-right:15px' class='col-xs-12  module_number_3 module_cont  center_title module_text_area'><div class=\"module_wrapper\">\n                <div class='module_content'>\n                    <p style=\"margin: 0cm 0cm 19.5pt; text-align: justify; line-height: 150%; background-image: initial; background-position: initial; background-size: initial; background-repeat: initial; background-attachment: initial; background-origin: initial; background-clip: initial; vertical-align: baseline;\">En ese marco, la Ciudad de Panam&aacute; es una urbe pujante y cosmopolita, con gente alegre, divertida, profesionales de alto nivel, preparados y trabajadores que lideran negocios pr&oacute;speros; una capital enmarcada por el oc&eacute;ano Pac&iacute;fico y el ya mencionado Canal de Panam&aacute;; un centro urbano en medio del tr&oacute;pico.&nbsp;<\/p>\r\n<p style=\"margin: 0cm 0cm 19.5pt; text-align: justify; line-height: 150%; background-image: initial; background-position: initial; background-size: initial; background-repeat: initial; background-attachment: initial; background-origin: initial; background-clip: initial; vertical-align: baseline;\">La capital de Panam&aacute; es en realidad 3 ciudades en una: un distrito hist&oacute;rico, un distrito reconstruido y &aacute;reas muy modernas.&nbsp;<\/p>\r\n<p style=\"margin: 0cm 0cm 19.5pt; text-align: justify; line-height: 150%; background-image: initial; background-position: initial; background-size: initial; background-repeat: initial; background-attachment: initial; background-origin: initial; background-clip: initial; vertical-align: baseline;\">En este vibrante y din&aacute;mico lugar conviven de forma arm&oacute;nica m&uacute;ltiples nacionalidades que llegaron a trabajar y finalmente terminaron qued&aacute;ndose en nuestra naci&oacute;n, aportando a la riqueza arquitect&oacute;nica, gastronom&iacute;a, m&uacute;sica, arte y cultura.&nbsp;<\/p>\r\n<p style=\"margin: 0cm 0cm 19.5pt; text-align: justify; line-height: 150%; background-image: initial; background-position: initial; background-size: initial; background-repeat: initial; background-attachment: initial; background-origin: initial; background-clip: initial; vertical-align: baseline;\">Si est&aacute;s pensando en invertir en Ciudad de Panam&aacute; o necesita de los servicios legales que ofrecemos en Candanedo Correa, <a href=\"\/contactenos\/\" target=\"_blank\" rel=\"noopener\">cont&aacute;ctanos.<\/a> Estamos para servirle.&nbsp;<\/p>\n                <\/div><\/div><\/div><\/div><div class='row'><div style='padding-bottom:35px; padding-top:0px; padding-left:15px; padding-right:15px' class='col-xs-12  module_number_4 module_cont  center_title module_infoboxes'><div class=\"module_wrapper\"><div class='bg_title text_align_left' style='text-align:left; '><h2 style='' class='headInModule'>Servicios <\/h2><span class='subtitle'>Entre los servicios que brindamos en la Cuidad de Panam\u00e1 se encuentran los siguientes. <\/span><div class='heading_title_divider' style='border-color:#e4e6e8;'><\/div><\/div><ul class='info_box_list items_per_line_3'>\n                        <li class='info_box'>\n                            <i class='fa fa-check-circle'><\/i>\n                            <h3><a href=\"\/es\/portfolio\/derecho-corporativo-comercial-y-contratos\/\">Derecho Corporativo y Contratos<\/a><\/h3>\n                            <p>Diariamente, como parte de nuestra vida cotidiana, todos los ciudadanos realizamos relaciones comerciales...<\/p>\n                        <\/li>\n                    \n                        <li class='info_box'>\n                            <i class='fa fa-check-circle'><\/i>\n                            <h3><a href=\"\/es\/portfolio\/litigios\/\">Litigios<\/a><\/h3>\n                            <p>En el \u00e1mbito comercial, no es extra\u00f1o que surjan conflictos entre personas y empresas que pueden degenerar...<\/p>\n                        <\/li>\n                    \n                        <li class='info_box'>\n                            <i class='fa fa-check-circle'><\/i>\n                            <h3><a href=\"\/es\/portfolio\/seguros\/\">Seguros<\/a><\/h3>\n                            <p>El modelo econ\u00f3mico paname\u00f1o, con su abundante, intensa y  prometedora actividad empresarial, cuenta con un r\u00e9gimen...<\/p>\n                        <\/li>\n                    \n                        <li class='info_box'>\n                            <i class='fa fa-check-circle'><\/i>\n                            <h3><a href=\"\/es\/portfolio\/asesoria-en-bienes-raices\/\">Asesor\u00eda en bienes ra\u00edces<\/a><\/h3>\n                            <p>Por su ubicaci\u00f3n estrat\u00e9gica, la din\u00e1mica empresarial, los recursos naturales y la estabilidad de su econom\u00eda, Panam\u00e1 es un pa\u00eds...<\/p>\n                        <\/li>\n                    \n                        <li class='info_box'>\n                            <i class='fa fa-check-circle'><\/i>\n                            <h3><a href=\"\/es\/portfolio\/fiscal\/\">Fiscal<\/a><\/h3>\n                            <p>Una de las actividades que m\u00e1s quita el sue\u00f1o a empresarios y profesionales, tiene que ver con las obligaciones tributarias...<\/p>\n                        <\/li>\n                    \n                        <li class='info_box'>\n                            <i class='fa fa-check-circle'><\/i>\n                            <h3><a href=\"\/es\/portfolio\/laboral\/\">Laboral<\/a><\/h3>\n                            <p>Todos los trabajadores y todas las empresas \u2013desde la peque\u00f1a compa\u00f1\u00eda familiar hasta la corporaci\u00f3n multinacional...<\/p>\n                        <\/li>\n                    \n                        <li class='info_box'>\n                            <i class='fa fa-check-circle'><\/i>\n                            <h3><a href=\"\/es\/portfolio\/migracion\/\">Migraci\u00f3n<\/a><\/h3>\n                            <p>Por su hermoso territorio, por el clima pol\u00edtico y de inversiones, por la amabilidad de la gente\u2026 Panam\u00e1 es un pa\u00eds...<\/p>\n                        <\/li>\n                    \n                        <li class='info_box'>\n                            <i class='fa fa-check-circle'><\/i>\n                            <h3><a href=\"\/es\/portfolio\/procesos-administrativos\/\">Procesos administrativos<\/a><\/h3>\n                            <p>Panam\u00e1 ofrece un amplio abanico de oportunidades para el desarrollo empresarial, en \u00e1reas tan sugestivas como el desarrollo...<\/p>\n                        <\/li>\n                    <\/ul><\/div><\/div><\/div>","protected":false},"excerpt":{"rendered":"<p>Panam&aacute; es el pa&iacute;s de ensue&ntilde;o para miles de personas en el mundo. Hablamos de la segunda econom&iacute;a de mayor crecimiento en Am&eacute;rica Latina, seg&uacute;n el Foro Econ&oacute;mico Mundial.&nbsp; En efecto, los &iacute;ndices econ&oacute;micos paname&ntilde;os son muy alentadores para invertir, poner tu propio negocio o comprar bienes ra&iacute;ces.&nbsp; De hecho, desde la apertura del canal, en 1914, Panam&aacute; ha sido un importante polo comercial y estrat&eacute;gico de negocios.&nbsp; En nuestro pa&iacute;s, los servicios financieros y legales, las compa&ntilde;&iacute;as de manufactura, el turismo y la gran oferta comercial, complementan la actividad econ&oacute;mica del pa&iacute;s.&nbsp;&nbsp; Recordemos tambi&eacute;n que la s&oacute;lida econom&iacute;a de Panam&aacute; est&aacute; fundamentada en el d&oacute;lar americano, que es la moneda oficial del pa&iacute;s, facilitando la comprensi&oacute;n de precios e intercambios para los visitantes y residentes extranjeros.&nbsp; Por otro lado, somos tambi&eacute;n uno de los pa&iacute;ses m&aacute;s seguros de Centroam&eacute;rica.&nbsp; En ese marco, la Ciudad de Panam&aacute; es una urbe pujante y cosmopolita, con gente alegre, divertida, profesionales de alto nivel, preparados y trabajadores que lideran negocios pr&oacute;speros; una capital enmarcada por el oc&eacute;ano Pac&iacute;fico y el ya mencionado Canal de Panam&aacute;; un centro urbano en medio del tr&oacute;pico.&nbsp; La capital de Panam&aacute; es en realidad 3 ciudades en una: [&hellip;]<\/p>\n","protected":false},"author":2,"featured_media":0,"parent":0,"menu_order":0,"comment_status":"closed","ping_status":"closed","template":"","meta":{"footnotes":""},"class_list":["post-516","page","type-page","status-publish","hentry"],"yoast_head":"<!-- This site is optimized with the Yoast SEO plugin v23.7 - https:\/\/yoast.com\/wordpress\/plugins\/seo\/ -->\n<title>Abogados en Cuidad de Panam\u00e1 - Servicios legales y de asesor\u00eda - Panam\u00e1<\/title>\n<meta name=\"description\" content=\"Servicios legales y de abogados en Cuidad de Panam\u00e1. Derecho Corporativo y Contratos, Litigios, Seguros, Asesor\u00eda en bienes ra\u00edces, Fiscal, Laboral, Migraci\u00f3n.\" \/>\n<meta name=\"robots\" content=\"index, follow, max-snippet:-1, max-image-preview:large, max-video-preview:-1\" \/>\n<link rel=\"canonical\" href=\"https:\/\/www.ccabogados.com\/cuidad-de-panama\/\" \/>\n<meta property=\"og:locale\" content=\"es_ES\" \/>\n<meta property=\"og:type\" content=\"article\" \/>\n<meta property=\"og:title\" content=\"Abogados en Cuidad de Panam\u00e1 - Servicios legales y de asesor\u00eda - Panam\u00e1\" \/>\n<meta property=\"og:description\" content=\"Servicios legales y de abogados en Cuidad de Panam\u00e1. Derecho Corporativo y Contratos, Litigios, Seguros, Asesor\u00eda en bienes ra\u00edces, Fiscal, Laboral, Migraci\u00f3n.\" \/>\n<meta property=\"og:url\" content=\"https:\/\/www.ccabogados.com\/cuidad-de-panama\/\" \/>\n<meta property=\"og:site_name\" content=\"CC Abogados\" \/>\n<meta property=\"article:modified_time\" content=\"2024-06-05T18:55:22+00:00\" \/>\n<meta name=\"twitter:card\" content=\"summary_large_image\" \/>\n<script type=\"application\/ld+json\" class=\"yoast-schema-graph\">{\"@context\":\"https:\/\/schema.org\",\"@graph\":[{\"@type\":\"WebPage\",\"@id\":\"https:\/\/www.ccabogados.com\/cuidad-de-panama\/\",\"url\":\"https:\/\/www.ccabogados.com\/cuidad-de-panama\/\",\"name\":\"Abogados en Cuidad de Panam\u00e1 - Servicios legales y de asesor\u00eda - Panam\u00e1\",\"isPartOf\":{\"@id\":\"https:\/\/www.ccabogados.com\/#website\"},\"datePublished\":\"2022-07-18T17:19:10+00:00\",\"dateModified\":\"2024-06-05T18:55:22+00:00\",\"description\":\"Servicios legales y de abogados en Cuidad de Panam\u00e1. Derecho Corporativo y Contratos, Litigios, Seguros, Asesor\u00eda en bienes ra\u00edces, Fiscal, Laboral, Migraci\u00f3n.\",\"breadcrumb\":{\"@id\":\"https:\/\/www.ccabogados.com\/cuidad-de-panama\/#breadcrumb\"},\"inLanguage\":\"es\",\"potentialAction\":[{\"@type\":\"ReadAction\",\"target\":[\"https:\/\/www.ccabogados.com\/cuidad-de-panama\/\"]}]},{\"@type\":\"BreadcrumbList\",\"@id\":\"https:\/\/www.ccabogados.com\/cuidad-de-panama\/#breadcrumb\",\"itemListElement\":[{\"@type\":\"ListItem\",\"position\":1,\"name\":\"Home\",\"item\":\"https:\/\/www.ccabogados.com\/es\/\"},{\"@type\":\"ListItem\",\"position\":2,\"name\":\"Cuidad de Panam\u00e1\"}]},{\"@type\":\"WebSite\",\"@id\":\"https:\/\/www.ccabogados.com\/#website\",\"url\":\"https:\/\/www.ccabogados.com\/\",\"name\":\"CC Abogados\",\"description\":\"Abogados, David, Panam\u00e1\",\"potentialAction\":[{\"@type\":\"SearchAction\",\"target\":{\"@type\":\"EntryPoint\",\"urlTemplate\":\"https:\/\/www.ccabogados.com\/?s={search_term_string}\"},\"query-input\":{\"@type\":\"PropertyValueSpecification\",\"valueRequired\":true,\"valueName\":\"search_term_string\"}}],\"inLanguage\":\"es\"}]}<\/script>\n<!-- \/ Yoast SEO plugin. -->","yoast_head_json":{"title":"Abogados en Cuidad de Panam\u00e1 - Servicios legales y de asesor\u00eda - Panam\u00e1","description":"Servicios legales y de abogados en Cuidad de Panam\u00e1. Derecho Corporativo y Contratos, Litigios, Seguros, Asesor\u00eda en bienes ra\u00edces, Fiscal, Laboral, Migraci\u00f3n.","robots":{"index":"index","follow":"follow","max-snippet":"max-snippet:-1","max-image-preview":"max-image-preview:large","max-video-preview":"max-video-preview:-1"},"canonical":"https:\/\/www.ccabogados.com\/cuidad-de-panama\/","og_locale":"es_ES","og_type":"article","og_title":"Abogados en Cuidad de Panam\u00e1 - Servicios legales y de asesor\u00eda - Panam\u00e1","og_description":"Servicios legales y de abogados en Cuidad de Panam\u00e1. Derecho Corporativo y Contratos, Litigios, Seguros, Asesor\u00eda en bienes ra\u00edces, Fiscal, Laboral, Migraci\u00f3n.","og_url":"https:\/\/www.ccabogados.com\/cuidad-de-panama\/","og_site_name":"CC Abogados","article_modified_time":"2024-06-05T18:55:22+00:00","twitter_card":"summary_large_image","schema":{"@context":"https:\/\/schema.org","@graph":[{"@type":"WebPage","@id":"https:\/\/www.ccabogados.com\/cuidad-de-panama\/","url":"https:\/\/www.ccabogados.com\/cuidad-de-panama\/","name":"Abogados en Cuidad de Panam\u00e1 - Servicios legales y de asesor\u00eda - Panam\u00e1","isPartOf":{"@id":"https:\/\/www.ccabogados.com\/#website"},"datePublished":"2022-07-18T17:19:10+00:00","dateModified":"2024-06-05T18:55:22+00:00","description":"Servicios legales y de abogados en Cuidad de Panam\u00e1. Derecho Corporativo y Contratos, Litigios, Seguros, Asesor\u00eda en bienes ra\u00edces, Fiscal, Laboral, Migraci\u00f3n.","breadcrumb":{"@id":"https:\/\/www.ccabogados.com\/cuidad-de-panama\/#breadcrumb"},"inLanguage":"es","potentialAction":[{"@type":"ReadAction","target":["https:\/\/www.ccabogados.com\/cuidad-de-panama\/"]}]},{"@type":"BreadcrumbList","@id":"https:\/\/www.ccabogados.com\/cuidad-de-panama\/#breadcrumb","itemListElement":[{"@type":"ListItem","position":1,"name":"Home","item":"https:\/\/www.ccabogados.com\/es\/"},{"@type":"ListItem","position":2,"name":"Cuidad de Panam\u00e1"}]},{"@type":"WebSite","@id":"https:\/\/www.ccabogados.com\/#website","url":"https:\/\/www.ccabogados.com\/","name":"CC Abogados","description":"Abogados, David, Panam\u00e1","potentialAction":[{"@type":"SearchAction","target":{"@type":"EntryPoint","urlTemplate":"https:\/\/www.ccabogados.com\/?s={search_term_string}"},"query-input":{"@type":"PropertyValueSpecification","valueRequired":true,"valueName":"search_term_string"}}],"inLanguage":"es"}]}},"_links":{"self":[{"href":"https:\/\/www.ccabogados.com\/es\/wp-json\/wp\/v2\/pages\/516"}],"collection":[{"href":"https:\/\/www.ccabogados.com\/es\/wp-json\/wp\/v2\/pages"}],"about":[{"href":"https:\/\/www.ccabogados.com\/es\/wp-json\/wp\/v2\/types\/page"}],"author":[{"embeddable":true,"href":"https:\/\/www.ccabogados.com\/es\/wp-json\/wp\/v2\/users\/2"}],"replies":[{"embeddable":true,"href":"https:\/\/www.ccabogados.com\/es\/wp-json\/wp\/v2\/comments?post=516"}],"version-history":[{"count":1,"href":"https:\/\/www.ccabogados.com\/es\/wp-json\/wp\/v2\/pages\/516\/revisions"}],"predecessor-version":[{"id":520,"href":"https:\/\/www.ccabogados.com\/es\/wp-json\/wp\/v2\/pages\/516\/revisions\/520"}],"wp:attachment":[{"href":"https:\/\/www.ccabogados.com\/es\/wp-json\/wp\/v2\/media?parent=516"}],"curies":[{"name":"wp","href":"https:\/\/api.w.org\/{rel}","templated":true}]}}