{"id":433,"date":"2022-06-28T13:13:04","date_gmt":"2022-06-28T18:13:04","guid":{"rendered":"https:\/\/www.ccabogados.com\/?page_id=433\/"},"modified":"2024-06-13T10:20:21","modified_gmt":"2024-06-13T15:20:21","slug":"faqs","status":"publish","type":"page","link":"https:\/\/www.ccabogados.com\/es\/faqs\/","title":{"rendered":"FAQs"},"content":{"rendered":"<div class='row'><div style='padding-bottom:35px; padding-top:0px; padding-left:15px; padding-right:15px' class='col-xs-12 first-module module_number_1 module_cont  center_title module_accordion'><div class=\"module_wrapper\"><div class='bg_title centered' style='text-align:center; '><h2 style='' class='headInModule'>Preguntas Frecuentes Legales: Respuestas Claras de Expertos<\/h2><span class='subtitle'>Encuentra respuestas a tus interrogantes legales m\u00e1s comunes con nuestra colecci\u00f3n de preguntas frecuentes. Nuestros abogados expertos ofrecen explicaciones detalladas y consejos pr\u00e1cticos para guiarte a trav\u00e9s de tus inquietudes legales.<\/span><div class='heading_title_divider' style='border-color:#e4e6e8;'><\/div><\/div><div class='shortcode_accordion_shortcode accordion'><div class='accordion_box'><h6 data-count='1' class='shortcode_accordion_item_title expanded_yes'>\u00bfQu\u00e9 son las sociedades offshore?<span class='ico'><\/span><\/h6><div class='shortcode_accordion_item_body'><div class='ip'><p>En palabras sencillas, diremos que una sociedad offshore es la que tiene su sede en el extranjero. Por ejemplo, una sociedad paname&ntilde;a cuyas operaciones se realizan fuera de Panam&aacute;.<\/p>\r\n<p>Al respecto, el pa&iacute;s no tiene ninguna ley especial para las sociedades offshore, ya que los ingresos por estas operaciones no son considerados en Panam&aacute;.<\/p>\r\n<p>Las sociedades offshore no pagan impuestos en Panam&aacute; con excepci&oacute;n de la Tasa &Uacute;nica, una cifra de alrededor de $300 al a&ntilde;o, b&aacute;sicamente para existir a nivel legal.<\/p>\r\n<p>No obstante, estas sociedades deben pagar los impuestos que les corresponda pagar en el pa&iacute;s donde est&aacute;n operando.<\/p>\r\n<p>Adem&aacute;s, aunque no pagan impuestos en Panam&aacute;, su informaci&oacute;n contable s&iacute; debe reportarse a su Agente Residente en el pa&iacute;s, quien realizar&aacute; el correcto monitoreo y resguardar&aacute; la informaci&oacute;n en caso de que sea solicitada por una autoridad competente. Valga aclarar que esta informaci&oacute;n es confidencial.<\/p>\r\n<p>En t&eacute;rminos generales, este tipo de sociedades facilitan el comercio global y minimizan el pago de impuestos internacionales.<\/p><\/div><\/div><\/div><div class='accordion_box'><h6 data-count='2' class='shortcode_accordion_item_title expanded_no'>\u00bfTodas las sociedades deben tener aviso de operaci\u00f3n?<span class='ico'><\/span><\/h6><div class='shortcode_accordion_item_body'><div class='ip'><p>La respuesta r&aacute;pida y sencilla ser&iacute;a no, no todas las sociedades en Panam&aacute; deben tener Aviso de Operaci&oacute;n.<\/p>\r\n<p>El Aviso de Operaci&oacute;n es un documento que indica que la Sociedad An&oacute;nima se va a dedicar a una actividad comercial, por lo que, aquellas sociedades que fueron creadas &uacute;nicamente para cumplir el rol de tenedoras de activos no lo necesitan.<\/p>\r\n<p>La solicitud de un Aviso de Operaci&oacute;n se hace en l&iacute;nea, tras solicitar un usuario en el sitio web del Ministerio de Comercio e Industrias de Panam&aacute; (PanamaEmprende.gob.pa), y el tr&aacute;mite tiene un costo m&iacute;nimo de 55 balboas que se pueden pagar hasta con Tarjeta de Cr&eacute;dito.<\/p>\r\n<p>Si bien, la emisi&oacute;n del Aviso de Operaci&oacute;n debe ser inmediata, algunas veces toma entre 24 y 48 horas.<\/p>\r\n<p>Este documento debe estar firmado por el tramitante y el representante legal de la Sociedad An&oacute;nima, y colocarse en alg&uacute;n lugar visible del local comercial o negocio.<\/p>\r\n<p>Si usted quiere evitarse inconvenientes al tramitar su Aviso de Operaci&oacute;n o necesita asesor&iacute;a legal en la conformaci&oacute;n de su Sociedad An&oacute;nima,&nbsp;<a href=\"\/contactenos\/\" target=\"_blank\" rel=\"noopener\">cont&aacute;ctenos<\/a>. Somos una firma de abogados en David, Panam&aacute;, con m&aacute;s de 12 a&ntilde;os de trayectoria.<\/p><\/div><\/div><\/div><div class='accordion_box'><h6 data-count='3' class='shortcode_accordion_item_title expanded_no'>\u00bfCu\u00e1l es el proceso de regulaci\u00f3n migratoria para personas que quieren establecerse en Panam\u00e1?<span class='ico'><\/span><\/h6><div class='shortcode_accordion_item_body'><div class='ip'><p>El proceso migratorio en Panam&aacute;&nbsp;<a href=\"\/visas\/\" target=\"_blank\" rel=\"noopener\">depende de la visa a la que la persona est&eacute; aspirando<\/a>&nbsp;y de las condiciones de la persona (si est&aacute; casada con una persona paname&ntilde;a o tiene hijos nacidos en Panam&aacute;, si es&nbsp;<a href=\"\/info\/visa-de-jubilado\/\" target=\"_blank\" rel=\"noopener\">jubilado<\/a>, si desea poner su empresa aqu&iacute;, entre otras).<\/p>\r\n<p>Los requisitos generales para estas solicitudes son:<\/p>\r\n<ul type=\"disc\">\r\n<li>El r&eacute;cord policivo (historial delictivo).<\/li>\r\n<li>Si viene con personas dependientes, el certificado de matrimonio y el certificado de nacimiento de los hijos, si aplica.<\/li>\r\n<\/ul>\r\n<p>Ambos documentos debe traerlos la persona desde su pa&iacute;s de origen.<\/p>\r\n<p>Si el r&eacute;cord policivo presenta antecedentes, deber&aacute; solicitar un &ldquo;Visto Bueno&rdquo; ante Migraci&oacute;n para poder aplicar a la visa; esa instituci&oacute;n decidir&aacute; si el documento es apto o no para ser usado dentro de la solicitud.<\/p>\r\n<ul type=\"disc\">\r\n<li>Cinco fotos tama&ntilde;o pasaporte.<\/li>\r\n<li>Certificado del estado de salud.<\/li>\r\n<li>Una copia de cada una de las p&aacute;ginas del pasaporte autenticadas ante notario.<\/li>\r\n<li>Requisitos propios de cada visa.<\/li>\r\n<\/ul>\r\n<p>Este tipo de tr&aacute;mites de solicitud de permisos de permanencia temporal o de residencia permanente suelen tardar entre 4 a 6 meses.<\/p>\r\n<p>El costo de estos tr&aacute;mites va desde los $700 hasta las $1500, sin incluir honorarios de los abogados, los cuales var&iacute;an dependiendo del tipo de visa a la que se aplique.<\/p>\r\n<p>&iquest;Necesita asesor&iacute;a experta?&nbsp;<a href=\"\/contactenos\/\" target=\"_blank\" rel=\"noopener\">Consulte con nosotros<\/a>, en Candanedo Correa le podemos ayudar.<\/p><\/div><\/div><\/div><div class='accordion_box'><h6 data-count='4' class='shortcode_accordion_item_title expanded_no'>\u00bfCu\u00e1les son los requisitos para constituir una sociedad an\u00f3nima en Panam\u00e1?<span class='ico'><\/span><\/h6><div class='shortcode_accordion_item_body'><div class='ip'><p>En Panam&aacute;, la conformaci&oacute;n e inscripci&oacute;n de Sociedades An&oacute;nimas se rige por la Ley N.32 del 26 de febrero de 1927. Los requisitos b&aacute;sicos de constituci&oacute;n son:<\/p>\r\n<ul type=\"disc\">\r\n<li>Dos personas que firmar&aacute;n el Pacto Social (acuerdo de socios), denominados suscriptores. Sus nombres completos y domicilios deben quedar plasmados en el documento.<\/li>\r\n<li>Nombre de la sociedad. Que puede o no ser el mismo nombre comercial del negocio. No puede ser igual o parecido al de otra sociedad preexistente e incluir&aacute; una abreviaci&oacute;n que indique que es sociedad an&oacute;nima.<\/li>\r\n<li>Actividad de la sociedad.<\/li>\r\n<li>Tres personas diferentes que fungir&aacute;n como directores. Pueden o no incluir a quienes ya son suscriptores.<\/li>\r\n<li>Tres dignatarios que fungir&aacute;n como Presidente, Secretario y Tesorero de la sociedad an&oacute;nima. Pueden ser los mismos suscriptores o los directores, y una misma persona puede ocupar uno, dos o los tres cargos.<\/li>\r\n<li>El monto del capital social y el valor nominal de las acciones.<\/li>\r\n<li>Otras cl&aacute;usulas l&iacute;citas que los suscriptores hubieren convenido como imposiciones especiales.<\/li>\r\n<\/ul>\r\n<p>Con esa informaci&oacute;n, el pacto social firmado se llevar&aacute; a Notar&iacute;a y, posteriormente, se inscribir&aacute; ante el Registro P&uacute;blico.<\/p>\r\n<p>Toda persona que desee&nbsp;<a href=\"\/blog\/conozca-el-proceso-para-constituir-una-sociedad-anonima-en-panama\/\" target=\"_blank\" rel=\"noopener\">inscribir una Sociedad An&oacute;nima<\/a> en Panam&aacute; tiene que estar dispuesto a que el abogado que constituya la sociedad y se convierta en su Agente Residente, realice una investigaci&oacute;n de qui&eacute;n o quienes ser&aacute;n los Beneficiarios Finales de la sociedad. A esta investigaci&oacute;n le llamamos Debida Diligencia y tiene como objetivo la prevenci&oacute;n del delito de Blanqueo de Capitales, el financiamiento del terrorismo y la proliferaci&oacute;n de armas de destrucci&oacute;n masiva. Esta Debida Diligencia determinar&aacute; el nivel de riesgo el cliente y el abogado, luego de la investigaci&oacute;n, decidir&aacute; la conveniencia de tomar al cliente.<\/p>\r\n<p>&iquest;Tiene m&aacute;s preguntas o necesita gestionar alguno de estos tr&aacute;mites?&nbsp;<a href=\"\/contactenos\/\">Cont&aacute;ctenos<\/a>, en Candanedo Correa Abogados somos especialistas y podemos atender en toda Panam&aacute;.<\/p><\/div><\/div><\/div><div class='accordion_box'><h6 data-count='5' class='shortcode_accordion_item_title expanded_no'>\u00bfEs necesario contar con un abogado para la solicitud de visa en Panam\u00e1?<span class='ico'><\/span><\/h6><div class='shortcode_accordion_item_body'><div class='ip'><p>Efectivamente, la Ley establece que las personas deben contar con un abogado para solicitar visa en Panam&aacute;.<\/p>\r\n<p>No obstante, en&nbsp;<a href=\"\/quienes-somos\/\" target=\"_blank\" rel=\"noopener\">Candanedo Correa<\/a>&nbsp;consideramos que este no es un tema &uacute;nicamente de cumplimiento de Ley, sino que, la asesor&iacute;a de un abogado facilita todo el proceso para aquellos extranjeros que quiz&aacute;s desconocen c&oacute;mo funciona la institucionalidad p&uacute;blica en Panam&aacute; y encuentran engorroso el tr&aacute;mite ante el Servicio Nacional de Migraci&oacute;n.<\/p>\r\n<p>Para mencionar un ejemplo, la Visa de Pa&iacute;ses Amigos establece requisitos como documentos apostillados o legalizados ante el Consulado de Panam&aacute;, certificados de distintas instituciones, tr&aacute;mites bancarios o ante Registro P&uacute;blico, y otros documentos que demuestran la necesidad de una residencia temporal o permanente. Mismos que pueden ser verificados por un abogado.<\/p>\r\n<p>En ese sentido, nuestros abogados comprobar&aacute;n que el expediente est&eacute; completo para evitar devoluciones, atrasos y negativas de parte de Migraci&oacute;n, ya sea en Chiriqu&iacute; o en Ciudad de Panam&aacute;.<\/p>\r\n<p>En Candanedo Correa contamos con amplia experiencia y conocimiento sobre los reglamentos y normas aplicables a las distintas visas que ofrece Panam&aacute;, y garantizamos una&nbsp;<a href=\"\/contactenos\/\" target=\"_blank\" rel=\"noopener\">asesor&iacute;a biling&uuml;e, cercana y personalizada<\/a>.<\/p><\/div><\/div><\/div><div class='accordion_box'><h6 data-count='6' class='shortcode_accordion_item_title expanded_no'>\u00bfC\u00f3mo se realiza el pago de bienes inmuebles durante el proceso de compraventa en Panam\u00e1?<span class='ico'><\/span><\/h6><div class='shortcode_accordion_item_body'><div class='ip'><p>En Panam&aacute;, cuando se compran bienes ra&iacute;ces, usualmente se paga un 10% del costo total de la propiedad como abono; y el otro 90% se paga al momento de la inscripci&oacute;n de la propiedad en el Registro P&uacute;blico a nombre de su nuevo due&ntilde;o.<\/p>\r\n<p>Este 90% es garantizado a trav&eacute;s de cartas de promesas de pago emitidas por un banco que se liberan cuando se inscribe la venta de la propiedad.<\/p>\r\n<p>Otra forma de garantizarlo es a trav&eacute;s de cheques certificados o de gerencia por el monto equivalente al 90% del precio de venta; esos cheques quedan en custodia de un tercero o de uno de los abogados de las partes. Esos cheques tambi&eacute;n se liberan hasta el momento de la inscripci&oacute;n.<\/p>\r\n<p>En Candanedo Correa le podemos ayudar con todos estos temas de bienes ra&iacute;ces.&nbsp;<a href=\"\/contactenos\/\" target=\"_blank\" rel=\"noopener\">Consulte con nuestro equipo experto<\/a>.<\/p><\/div><\/div><\/div><div class='accordion_box'><h6 data-count='7' class='shortcode_accordion_item_title expanded_no'>\u00bfC\u00f3mo comprar o vender una propiedad residencial en Panam\u00e1?<span class='ico'><\/span><\/h6><div class='shortcode_accordion_item_body'><div class='ip'><p>Buscando en espacios de informaci&oacute;n confiable anuncios sobre el tipo de propiedades que se est&aacute;n buscando o por recomendaci&oacute;n de otras personas que hayan invertido antes y tuvieron una buena experiencia.<\/p>\r\n<p>Tras decidir e identificar cu&aacute;l es la propiedad que quiere adquirir, se recomienda contratar un&nbsp;<a href=\"\/info\/asesoria-en-bienes-raices\/\" target=\"_blank\" rel=\"noopener\">abogado de bienes ra&iacute;ces<\/a>&nbsp;que realice una investigaci&oacute;n sobre la propiedad para verificar que todo est&aacute; al d&iacute;a: si no hay hipotecas ni demandas, no existen grav&aacute;menes pendientes y se cumple con todos los requisitos de ley para realizar la venta.<\/p>\r\n<p>Luego se establece un contrato de promesa de compraventa con el vendedor en el cual se definen las reglas de c&oacute;mo se realizar&aacute; la venta del bien inmueble, principalmente sirve para dar claridad sobre el precio de venta y la forma de pago.<\/p>\r\n<p>Esto aplica tanto para propiedades residenciales como otro tipo de bienes ra&iacute;ces. La gran diferencia puede ser que la investigaci&oacute;n que se realiza sobre la finca debe involucrar la inscripci&oacute;n ante el Registro P&uacute;blico de mejoras que se han ejecutado en la propiedad.<\/p>\r\n<p>Por ejemplo, si en la propiedad residencial que se est&aacute; valorando se construy&oacute; recientemente una casa, pero no est&aacute; inscrita en el Registro P&uacute;blico, el abogado debe alertar sobre esta situaci&oacute;n y proceder con la debida inscripci&oacute;n para subsanar ese vac&iacute;o.<\/p>\r\n<p>Si el caso es contrario; es decir, la propiedad aparece ante el Registro P&uacute;blico como un lote con construcci&oacute;n incluida, pero la casa ya no existe, corresponde declarar una demolici&oacute;n en un proceso ante la Autoridad Nacional de Tierras. Esa declaraci&oacute;n debe hacerse antes de vender la propiedad o durante el proceso de compraventa.<\/p>\r\n<p>&iquest;Necesita informaci&oacute;n o asesor&iacute;a en la compra de bienes ra&iacute;ces en Panam&aacute;?&nbsp;<a href=\"\/contactenos\/\" target=\"_blank\" rel=\"noopener\">Consulte<\/a> con nosotros, podemos ayudarle.<\/p><\/div><\/div><\/div><div class='accordion_box'><h6 data-count='8' class='shortcode_accordion_item_title expanded_no'>\u00bfC\u00f3mo emitir las acciones de una sociedad an\u00f3nima?<span class='ico'><\/span><\/h6><div class='shortcode_accordion_item_body'><div class='ip'><p>Una&nbsp;<a href=\"\/blog\/importancia-de-crear-una-sociedad-anonima-en-panama\/\">Sociedad An&oacute;nima<\/a>&nbsp;es una persona jur&iacute;dica cuyo capital social est&aacute; dividido en acciones; estas acciones representan la participaci&oacute;n de cada socio en la empresa.<\/p>\r\n<p>Algunas personas recurren a sociedades an&oacute;nimas para hacer negocios comerciales en Panam&aacute; o incluso para comprar bienes inmuebles, pues ofrece ventajas operativas, fiscales y patrimoniales.<\/p>\r\n<p>Las acciones de una Sociedad An&oacute;nima se emiten en Panam&aacute; a favor de qui&eacute;n aporta al capital de la Sociedad y esa emisi&oacute;n se realiza por medio de una Junta Directiva. All&iacute; se decide a qui&eacute;nes y bajo qu&eacute; proporci&oacute;n se emitir&aacute;n las acciones.<\/p>\r\n<p>Tras este acuerdo, se emite el certificado correspondiente y se entrega al beneficiario.<\/p>\r\n<p>Es indispensable que cada accionista mantenga el certificado que representa su participaci&oacute;n dentro de la sociedad.<\/p>\r\n<p>La informaci&oacute;n &ndash; nombre y datos personales &ndash; de los accionistas y la cantidad de acciones de cada uno es confidencial y no se podr&aacute; ubicar en el registro p&uacute;blico.<\/p>\r\n<p>Si usted tiene alguna pregunta sobre este tema, nos puede&nbsp;<a href=\"\/contactenos\/\">contactar<\/a>, somos un equipo especializado en estos temas.<\/p><\/div><\/div><\/div><\/div><\/div><\/div><\/div>","protected":false},"excerpt":{"rendered":"<p>Preguntas Frecuentes Legales: Respuestas Claras de ExpertosEncuentra respuestas a tus interrogantes legales m\u00e1s comunes con nuestra colecci\u00f3n de preguntas frecuentes. Nuestros abogados expertos ofrecen explicaciones detalladas y consejos pr\u00e1cticos para guiarte a trav\u00e9s de tus inquietudes legales.\u00bfQu\u00e9 son las sociedades offshore?En palabras sencillas, diremos que una sociedad offshore es la que tiene su sede en el extranjero. Por ejemplo, una sociedad paname&ntilde;a cuyas operaciones se realizan fuera de Panam&aacute;. Al respecto, el pa&iacute;s no tiene ninguna ley especial para las sociedades offshore, ya que los ingresos por estas operaciones no son considerados en Panam&aacute;. Las sociedades offshore no pagan impuestos en Panam&aacute; con excepci&oacute;n de la Tasa &Uacute;nica, una cifra de alrededor de $300 al a&ntilde;o, b&aacute;sicamente para existir a nivel legal. No obstante, estas sociedades deben pagar los impuestos que les corresponda pagar en el pa&iacute;s donde est&aacute;n operando. Adem&aacute;s, aunque no pagan impuestos en Panam&aacute;, su informaci&oacute;n contable s&iacute; debe reportarse a su Agente Residente en el pa&iacute;s, quien realizar&aacute; el correcto monitoreo y resguardar&aacute; la informaci&oacute;n en caso de que sea solicitada por una autoridad competente. Valga aclarar que esta informaci&oacute;n es confidencial. En t&eacute;rminos generales, este tipo de sociedades facilitan el comercio global y minimizan el [&hellip;]<\/p>\n","protected":false},"author":2,"featured_media":0,"parent":0,"menu_order":0,"comment_status":"closed","ping_status":"closed","template":"","meta":{"footnotes":""},"class_list":["post-433","page","type-page","status-publish","hentry"],"yoast_head":"<!-- This site is optimized with the Yoast SEO plugin v23.7 - https:\/\/yoast.com\/wordpress\/plugins\/seo\/ -->\n<title>FAQs - Preguntas frecuentes sobre servicios legales en Panam\u00e1<\/title>\n<meta name=\"description\" content=\"Preguntas frecuentes sobre servicios legales en Panam\u00e1\" \/>\n<meta name=\"robots\" content=\"index, follow, max-snippet:-1, max-image-preview:large, max-video-preview:-1\" \/>\n<link rel=\"canonical\" href=\"https:\/\/www.ccabogados.com\/es\/faqs\/\" \/>\n<meta property=\"og:locale\" content=\"es_ES\" \/>\n<meta property=\"og:type\" content=\"article\" \/>\n<meta property=\"og:title\" content=\"FAQs - Preguntas frecuentes sobre servicios legales en Panam\u00e1\" \/>\n<meta property=\"og:description\" content=\"Preguntas frecuentes sobre servicios legales en Panam\u00e1\" \/>\n<meta property=\"og:url\" content=\"https:\/\/www.ccabogados.com\/es\/faqs\/\" \/>\n<meta property=\"og:site_name\" content=\"CC Abogados\" \/>\n<meta property=\"article:modified_time\" content=\"2024-06-13T15:20:21+00:00\" \/>\n<meta name=\"twitter:card\" content=\"summary_large_image\" \/>\n<script type=\"application\/ld+json\" class=\"yoast-schema-graph\">{\"@context\":\"https:\/\/schema.org\",\"@graph\":[{\"@type\":\"WebPage\",\"@id\":\"https:\/\/www.ccabogados.com\/es\/faqs\/\",\"url\":\"https:\/\/www.ccabogados.com\/es\/faqs\/\",\"name\":\"FAQs - Preguntas frecuentes sobre servicios legales en Panam\u00e1\",\"isPartOf\":{\"@id\":\"https:\/\/www.ccabogados.com\/#website\"},\"datePublished\":\"2022-06-28T18:13:04+00:00\",\"dateModified\":\"2024-06-13T15:20:21+00:00\",\"description\":\"Preguntas frecuentes sobre servicios legales en Panam\u00e1\",\"breadcrumb\":{\"@id\":\"https:\/\/www.ccabogados.com\/es\/faqs\/#breadcrumb\"},\"inLanguage\":\"es\",\"potentialAction\":[{\"@type\":\"ReadAction\",\"target\":[\"https:\/\/www.ccabogados.com\/es\/faqs\/\"]}]},{\"@type\":\"BreadcrumbList\",\"@id\":\"https:\/\/www.ccabogados.com\/es\/faqs\/#breadcrumb\",\"itemListElement\":[{\"@type\":\"ListItem\",\"position\":1,\"name\":\"Home\",\"item\":\"https:\/\/www.ccabogados.com\/es\/\"},{\"@type\":\"ListItem\",\"position\":2,\"name\":\"FAQs\"}]},{\"@type\":\"WebSite\",\"@id\":\"https:\/\/www.ccabogados.com\/#website\",\"url\":\"https:\/\/www.ccabogados.com\/\",\"name\":\"CC Abogados\",\"description\":\"Abogados, David, Panam\u00e1\",\"potentialAction\":[{\"@type\":\"SearchAction\",\"target\":{\"@type\":\"EntryPoint\",\"urlTemplate\":\"https:\/\/www.ccabogados.com\/?s={search_term_string}\"},\"query-input\":{\"@type\":\"PropertyValueSpecification\",\"valueRequired\":true,\"valueName\":\"search_term_string\"}}],\"inLanguage\":\"es\"}]}<\/script>\n<!-- \/ Yoast SEO plugin. -->","yoast_head_json":{"title":"FAQs - Preguntas frecuentes sobre servicios legales en Panam\u00e1","description":"Preguntas frecuentes sobre servicios legales en Panam\u00e1","robots":{"index":"index","follow":"follow","max-snippet":"max-snippet:-1","max-image-preview":"max-image-preview:large","max-video-preview":"max-video-preview:-1"},"canonical":"https:\/\/www.ccabogados.com\/es\/faqs\/","og_locale":"es_ES","og_type":"article","og_title":"FAQs - Preguntas frecuentes sobre servicios legales en Panam\u00e1","og_description":"Preguntas frecuentes sobre servicios legales en Panam\u00e1","og_url":"https:\/\/www.ccabogados.com\/es\/faqs\/","og_site_name":"CC Abogados","article_modified_time":"2024-06-13T15:20:21+00:00","twitter_card":"summary_large_image","schema":{"@context":"https:\/\/schema.org","@graph":[{"@type":"WebPage","@id":"https:\/\/www.ccabogados.com\/es\/faqs\/","url":"https:\/\/www.ccabogados.com\/es\/faqs\/","name":"FAQs - Preguntas frecuentes sobre servicios legales en Panam\u00e1","isPartOf":{"@id":"https:\/\/www.ccabogados.com\/#website"},"datePublished":"2022-06-28T18:13:04+00:00","dateModified":"2024-06-13T15:20:21+00:00","description":"Preguntas frecuentes sobre servicios legales en Panam\u00e1","breadcrumb":{"@id":"https:\/\/www.ccabogados.com\/es\/faqs\/#breadcrumb"},"inLanguage":"es","potentialAction":[{"@type":"ReadAction","target":["https:\/\/www.ccabogados.com\/es\/faqs\/"]}]},{"@type":"BreadcrumbList","@id":"https:\/\/www.ccabogados.com\/es\/faqs\/#breadcrumb","itemListElement":[{"@type":"ListItem","position":1,"name":"Home","item":"https:\/\/www.ccabogados.com\/es\/"},{"@type":"ListItem","position":2,"name":"FAQs"}]},{"@type":"WebSite","@id":"https:\/\/www.ccabogados.com\/#website","url":"https:\/\/www.ccabogados.com\/","name":"CC Abogados","description":"Abogados, David, Panam\u00e1","potentialAction":[{"@type":"SearchAction","target":{"@type":"EntryPoint","urlTemplate":"https:\/\/www.ccabogados.com\/?s={search_term_string}"},"query-input":{"@type":"PropertyValueSpecification","valueRequired":true,"valueName":"search_term_string"}}],"inLanguage":"es"}]}},"_links":{"self":[{"href":"https:\/\/www.ccabogados.com\/es\/wp-json\/wp\/v2\/pages\/433"}],"collection":[{"href":"https:\/\/www.ccabogados.com\/es\/wp-json\/wp\/v2\/pages"}],"about":[{"href":"https:\/\/www.ccabogados.com\/es\/wp-json\/wp\/v2\/types\/page"}],"author":[{"embeddable":true,"href":"https:\/\/www.ccabogados.com\/es\/wp-json\/wp\/v2\/users\/2"}],"replies":[{"embeddable":true,"href":"https:\/\/www.ccabogados.com\/es\/wp-json\/wp\/v2\/comments?post=433"}],"version-history":[{"count":2,"href":"https:\/\/www.ccabogados.com\/es\/wp-json\/wp\/v2\/pages\/433\/revisions"}],"predecessor-version":[{"id":464,"href":"https:\/\/www.ccabogados.com\/es\/wp-json\/wp\/v2\/pages\/433\/revisions\/464"}],"wp:attachment":[{"href":"https:\/\/www.ccabogados.com\/es\/wp-json\/wp\/v2\/media?parent=433"}],"curies":[{"name":"wp","href":"https:\/\/api.w.org\/{rel}","templated":true}]}}