{"id":28,"date":"2016-12-13T19:11:09","date_gmt":"2016-12-13T19:11:09","guid":{"rendered":"http:\/\/www.ccabogados.com\/ccabogados\/?page_id=28"},"modified":"2024-09-16T17:03:08","modified_gmt":"2024-09-16T22:03:08","slug":"inicio","status":"publish","type":"page","link":"https:\/\/www.ccabogados.com\/es\/","title":{"rendered":"Inicio"},"content":{"rendered":"<div class='row'><div style='padding-bottom:0px; padding-top:0px; padding-left:15px; padding-right:15px' class='col-xs-12 first-module module_number_1 module_cont maintitle center_title module_title'><div class='module_wrapper'><div class='bg_title centered' style='text-align:center;'><h2 style='' class='headInModule'>CANDANEDO CORREA<\/h2><\/div><\/div><\/div><\/div><div class='row'><div style='padding-bottom:0px; padding-top:0px; padding-left:15px; padding-right:15px' class='col-xs-12  module_number_2 module_cont maintitle center_title module_title'><div class='module_wrapper'><div class='bg_title centered' style='text-align:center;'><h3 style='' class='headInModule'>Abogados<\/h3><span class='subtitle'>Con m\u00e1s de 20 a\u00f1os de experiencia en el Ejercicio de la Abogac\u00eda en la Rep\u00fablica de Panam\u00e1.<\/span><div class='heading_title_divider' style='border-color:#e4e6e8;'><\/div><\/div><\/div><\/div><\/div><div class='row'><div style='padding-bottom:75px; padding-top:0px; padding-left:15px; padding-right:15px' class='col-xs-12 col-sm-3  module_number_3 module_cont image-box-home-1 center_title module_imageboxes'><div class=\"module_wrapper\">\n                    <div class='module_content shortcode_imagebox'>\n                        <div class='imagebox_wrapper'><img src='https:\/\/www.ccabogados.com\/wp-content\/uploads\/2023\/01\/Visa-para-Inversionistas-Agrarios-600x300.webp' alt='' style='width:300px; height:150px;'\/>\n                            <div class='imagebox_body'>\n                                <h3>Visa para Inversionistas Agrarios<\/h3>\n                            <\/div>\n                            <a target='_self' href='\/es\/info\/visa-para-inversionistas-agrarios\/'>\n                            <span class='link_text'>Ver m\u00e1s<\/span>\n                            <\/a>\n                        <\/div>\n                    <\/div>\n                <\/div><\/div><div style='padding-bottom:75px; padding-top:0px; padding-left:15px; padding-right:15px' class='col-xs-12 col-sm-3  module_number_4 module_cont image-box-home center_title module_imageboxes'><div class=\"module_wrapper\">\n                    <div class='module_content shortcode_imagebox'>\n                        <div class='imagebox_wrapper'><img src='https:\/\/www.ccabogados.com\/wp-content\/uploads\/2022\/12\/Visas-de-permiso-de-trabajo-600x300.webp' alt='' style='width:300px; height:150px;'\/>\n                            <div class='imagebox_body'>\n                                <h3>Visas de permiso de trabajo<\/h3>\n                            <\/div>\n                            <a target='_blank' href='\/es\/info\/visas-de-permiso-de-trabajo\/'>\n                            <span class='link_text'>Ver m\u00e1s<\/span>\n                            <\/a>\n                        <\/div>\n                    <\/div>\n                <\/div><\/div><div style='padding-bottom:75px; padding-top:0px; padding-left:15px; padding-right:15px' class='col-xs-12 col-sm-3  module_number_5 module_cont image-box-home center_title module_imageboxes'><div class=\"module_wrapper\">\n                    <div class='module_content shortcode_imagebox'>\n                        <div class='imagebox_wrapper'><img src='https:\/\/www.ccabogados.com\/wp-content\/uploads\/2022\/11\/Visa-de-Paises-Amigos-600x300.webp' alt='' style='width:300px; height:150px;'\/>\n                            <div class='imagebox_body'>\n                                <h3>Visa de Pa&iacute;ses Amigos<\/h3>\n                            <\/div>\n                            <a target='_blank' href='\/es\/info\/visa-de-paises-amigos\/'>\n                            <span class='link_text'>Ver m\u00e1s<\/span>\n                            <\/a>\n                        <\/div>\n                    <\/div>\n                <\/div><\/div><div style='padding-bottom:75px; padding-top:0px; padding-left:15px; padding-right:15px' class='col-xs-12 col-sm-3  module_number_6 module_cont image-box-home center_title module_imageboxes'><div class=\"module_wrapper\">\n                    <div class='module_content shortcode_imagebox'>\n                        <div class='imagebox_wrapper'><img src='https:\/\/www.ccabogados.com\/wp-content\/uploads\/2022\/10\/Visa-de-Jubilado-600x300.webp' alt='' style='width:300px; height:150px;'\/>\n                            <div class='imagebox_body'>\n                                <h3>Visa de<br \/>Jubilado<\/h3>\n                            <\/div>\n                            <a target='_blank' href='\/es\/info\/visa-de-jubilado\/'>\n                            <span class='link_text'>Ver m\u00e1s<\/span>\n                            <\/a>\n                        <\/div>\n                    <\/div>\n                <\/div><\/div><\/div><div class=\"bg_start_module fw_block stretch  fullwidth_mode  left-center-background \" data-option=\"stretch\" style= \"background: #065897  repeat 0 0; padding-top:35px; margin-bottom:0px;\"><div class='row'><div style='padding-bottom:35px; padding-top:35px; padding-left:15px; padding-right:15px' class='col-xs-12  module_number_7 module_cont maintitle center_title module_title'><div class='module_wrapper'><div class='bg_title centered' style='text-align:center;'><h2 style='' class='headInModule'><h2 style=\"color:#ffffff;\">\u00bfPor qu\u00e9 elegirnos?<\/h2><\/h2><span class='subtitle'><p style=\"color:#ffffff;\">CANDANEDO CORREA es una firma de abogados que ofrece a sus clientes servicios de alta calidad, al brindar completa y experimentada asesor\u00eda en asuntos legales. Caracterizados por nuestros principios y valores a lo largo de los a\u00f1os, entre ellos:<\/p><\/span><div class='heading_title_divider' style='border-color:#e4e6e8;'><\/div><\/div><\/div><\/div><\/div><div class='row'><div style='padding-bottom:75px; padding-top:0px; padding-left:15px; padding-right:15px' class='col-xs-12 col-sm-3  module_number_8 module_cont  center_title module_iconboxes'><div class=\"module_wrapper\">\n\t\t\t<div class='module_content shortcode_iconbox'>\n\t\t\t\t\t\t\t\n\t\t\t\t<div class='iconbox_wrapper'>\n\t\t\t\t\t<span class='ico'><i class='fa fa fa-thumbs-up'><\/i><\/span><h2 class='iconbox_title'>\u00c9TICA<\/h2>\n\t\t\t\t\t<div class='iconbox_body'>\t\t\t\t\t\t\n\t\t\t\t\t\t<p><span style=\"font-size: 14px;\">Siempre guiados por nuestra &eacute;tica profesional.<\/span><\/p>\n\t\t\t\t\t<\/div>\t\t\t\t\t\n\t\t\t\t<\/div>\n\t\t\t\t\n\t\t\t<\/div>\n\t\t\t<\/div><\/div><div style='padding-bottom:75px; padding-top:0px; padding-left:15px; padding-right:15px' class='col-xs-12 col-sm-3  module_number_9 module_cont  center_title module_iconboxes'><div class=\"module_wrapper\">\n\t\t\t<div class='module_content shortcode_iconbox'>\n\t\t\t\t\t\t\t\n\t\t\t\t<div class='iconbox_wrapper'>\n\t\t\t\t\t<span class='ico'><i class='fa fa fa-check-circle'><\/i><\/span><h2 class='iconbox_title'>HONESTIDAD<\/h2>\n\t\t\t\t\t<div class='iconbox_body'>\t\t\t\t\t\t\n\t\t\t\t\t\t<p><span style=\"font-size: 14px;\">Trabajamos con honestidad y entusiasmo.<\/span><\/p>\n\t\t\t\t\t<\/div>\t\t\t\t\t\n\t\t\t\t<\/div>\n\t\t\t\t\n\t\t\t<\/div>\n\t\t\t<\/div><\/div><div style='padding-bottom:75px; padding-top:0px; padding-left:15px; padding-right:15px' class='col-xs-12 col-sm-3  module_number_10 module_cont  center_title module_iconboxes'><div class=\"module_wrapper\">\n\t\t\t<div class='module_content shortcode_iconbox'>\n\t\t\t\t\t\t\t\n\t\t\t\t<div class='iconbox_wrapper'>\n\t\t\t\t\t<span class='ico'><i class='fa fa fa-gears'><\/i><\/span><h2 class='iconbox_title'>RESPONSABILIDAD<\/h2>\n\t\t\t\t\t<div class='iconbox_body'>\t\t\t\t\t\t\n\t\t\t\t\t\t<p><span style=\"font-size: 14px;\">Responsabilidad garantizada para nuestros clientes.<\/span><\/p>\n\t\t\t\t\t<\/div>\t\t\t\t\t\n\t\t\t\t<\/div>\n\t\t\t\t\n\t\t\t<\/div>\n\t\t\t<\/div><\/div><div style='padding-bottom:75px; padding-top:0px; padding-left:15px; padding-right:15px' class='col-xs-12 col-sm-3  module_number_11 module_cont  center_title module_iconboxes'><div class=\"module_wrapper\">\n\t\t\t<div class='module_content shortcode_iconbox'>\n\t\t\t\t\t\t\t\n\t\t\t\t<div class='iconbox_wrapper'>\n\t\t\t\t\t<span class='ico'><i class='fa fa fa-eye'><\/i><\/span><h2 class='iconbox_title'>TRANSPARENCIA<\/h2>\n\t\t\t\t\t<div class='iconbox_body'>\t\t\t\t\t\t\n\t\t\t\t\t\t<p><span style=\"font-size: 14px;\">Transparencia que nos ha caracterizado por a&ntilde;os.<\/span><\/p>\n\t\t\t\t\t<\/div>\t\t\t\t\t\n\t\t\t\t<\/div>\n\t\t\t\t\n\t\t\t<\/div>\n\t\t\t<\/div><\/div><\/div><\/div><!-- module_bg_end --><div class='row'><div style='padding-bottom:75px; padding-top:75px; padding-left:15px; padding-right:15px' class='col-xs-12  module_number_12 module_cont testimonios center_title module_testimonial'><div class=\"module_wrapper\"><div class='bg_title centered' style='text-align:center; '><h2 style='' class='headInModule'>\u00bfQu\u00e9 opinan nuestros clientes?<\/h2><span class='subtitle'>Conozca las opiniones de nuestros clientes con respecto a nuestro trabajo. <\/span><div class='heading_title_divider' style='border-color:#e4e6e8;'><\/div><\/div><div class='testimonial_wrapper text-center'><!-- testimonials slick info --><div class='testimonials-info'><div class='slide_wrap'><div class='slick_testim_info'><p>\"Recientemente iniciamos los procesos de tr\u00e1mite migratorio de Costa Rica a Panam\u00e1. La firma, y especialmente don Oliver, superaron nuestras expectativas en servicio y profesionalismo. El proceso ha sido muy transparente y nos sentimos muy bien representados en Panam\u00e1 por nuestros asesores legales. Yo los recomiendo sin duda.\"<\/p><\/div><\/div><\/div><!-- \/\/testimonials slick info --><!-- testimonials slick thumbs --><div class='testimonials-nav'>\n            <div class='nav_item_wrap'>\n              <div class='testimonial_item'>\n                <div class='author_thumb'><img alt='' src='https:\/\/www.ccabogados.com\/wp-content\/uploads\/2016\/12\/fabian-140x140.jpg' \/><\/div>\n                <div class='testimonial_nav_info'>\n                  <h5>Fabi\u00e1n Vargas<\/h5>\n                  <span>Ingeniero en Sistemas<\/span>\n                <\/div>\n              <\/div>\n            <\/div>\n          <\/div><!-- \/\/testimonials slick thumbs --><\/div><\/div><\/div><\/div><div class=\"bg_start_module fw_block stretch  fullwidth_mode  left-center-background \" data-option=\"stretch\" style= \"background: #f7f7f7  repeat 0 0; padding-top:15px; margin-bottom:0px;\"><div class='row'><div style='padding-bottom:0px; padding-top:35px; padding-left:15px; padding-right:15px' class='col-xs-12  module_number_13 module_cont maintitle center_title module_title'><div class='module_wrapper'><div class='bg_title centered' style='text-align:center;'><h2 style='' class='headInModule'>Blog<\/h2><span class='subtitle'>Para aprender temas legales<\/span><\/div><\/div><\/div><\/div><div class='row'><div style='padding-bottom:50px; padding-top:32px; padding-left:15px; padding-right:15px' class='col-xs-12  module_number_14 module_cont  center_title module_html'><div class=\"module_wrapper\">\n                <div class='module_content'>\n                    <a target=\"_blank\" href=\"\/es\/blog\/\">\r\n<span class=\"link_text\">Ver m\u00e1s<\/span>\r\n<\/a>\n                <\/div><\/div><\/div><\/div><\/div><!-- module_bg_end -->","protected":false},"excerpt":{"rendered":"<p>CANDANEDO CORREAAbogadosCon m\u00e1s de 20 a\u00f1os de experiencia en el Ejercicio de la Abogac\u00eda en la Rep\u00fablica de Panam\u00e1. Visa para Inversionistas Agrarios Ver m\u00e1s Visas de permiso de trabajo Ver m\u00e1s Visa de Pa&iacute;ses Amigos Ver m\u00e1s Visa deJubilado Ver m\u00e1s \u00bfPor qu\u00e9 elegirnos?CANDANEDO CORREA es una firma de abogados que ofrece a sus clientes servicios de alta calidad, al brindar completa y experimentada asesor\u00eda en asuntos legales. Caracterizados por nuestros principios y valores a lo largo de los a\u00f1os, entre ellos: \u00c9TICA Siempre guiados por nuestra &eacute;tica profesional. HONESTIDAD Trabajamos con honestidad y entusiasmo. RESPONSABILIDAD Responsabilidad garantizada para nuestros clientes. TRANSPARENCIA Transparencia que nos ha caracterizado por a&ntilde;os. \u00bfQu\u00e9 opinan nuestros clientes?Conozca las opiniones de nuestros clientes con respecto a nuestro trabajo. &#8220;Recientemente iniciamos los procesos de tr\u00e1mite migratorio de Costa Rica a Panam\u00e1. La firma, y especialmente don Oliver, superaron nuestras expectativas en servicio y profesionalismo. El proceso ha sido muy transparente y nos sentimos muy bien representados en Panam\u00e1 por nuestros asesores legales. Yo los recomiendo sin duda.&#8221; Fabi\u00e1n Vargas Ingeniero en Sistemas BlogPara aprender temas legales Ver m\u00e1s<\/p>\n","protected":false},"author":2,"featured_media":0,"parent":0,"menu_order":0,"comment_status":"closed","ping_status":"closed","template":"","meta":{"footnotes":""},"class_list":["post-28","page","type-page","status-publish","hentry"],"yoast_head":"<!-- This site is optimized with the Yoast SEO plugin v23.7 - https:\/\/yoast.com\/wordpress\/plugins\/seo\/ -->\n<title>Abogados en David, Chiriqu\u00ed - Boquete - Santiago de Veraguas \u2013 Panam\u00e1<\/title>\n<meta name=\"description\" content=\"Candanedo Correa Abogados, somos una firma de abogados en David Chiriqu\u00ed, Panam\u00e1; con m\u00e1s de 12 a\u00f1os de experiencia en materia de derecho y asesor\u00edas.\" \/>\n<meta name=\"robots\" content=\"index, follow, max-snippet:-1, max-image-preview:large, max-video-preview:-1\" \/>\n<link rel=\"canonical\" href=\"https:\/\/www.ccabogados.com\/es\/\" \/>\n<meta property=\"og:locale\" content=\"es_ES\" \/>\n<meta property=\"og:type\" content=\"article\" \/>\n<meta property=\"og:title\" content=\"Abogados en David, Chiriqu\u00ed - Boquete - Santiago de Veraguas \u2013 Panam\u00e1\" \/>\n<meta property=\"og:description\" content=\"Candanedo Correa Abogados, somos una firma de abogados en David Chiriqu\u00ed, Panam\u00e1; con m\u00e1s de 12 a\u00f1os de experiencia en materia de derecho y asesor\u00edas.\" \/>\n<meta property=\"og:url\" content=\"https:\/\/www.ccabogados.com\/es\/\" \/>\n<meta property=\"og:site_name\" content=\"CC Abogados\" \/>\n<meta property=\"article:modified_time\" content=\"2024-09-16T22:03:08+00:00\" \/>\n<meta name=\"twitter:card\" content=\"summary_large_image\" \/>\n<script type=\"application\/ld+json\" class=\"yoast-schema-graph\">{\"@context\":\"https:\/\/schema.org\",\"@graph\":[{\"@type\":\"WebPage\",\"@id\":\"https:\/\/www.ccabogados.com\/es\/\",\"url\":\"https:\/\/www.ccabogados.com\/es\/\",\"name\":\"Abogados en David, Chiriqu\u00ed - Boquete - Santiago de Veraguas \u2013 Panam\u00e1\",\"isPartOf\":{\"@id\":\"https:\/\/www.ccabogados.com\/#website\"},\"datePublished\":\"2016-12-13T19:11:09+00:00\",\"dateModified\":\"2024-09-16T22:03:08+00:00\",\"description\":\"Candanedo Correa Abogados, somos una firma de abogados en David Chiriqu\u00ed, Panam\u00e1; con m\u00e1s de 12 a\u00f1os de experiencia en materia de derecho y asesor\u00edas.\",\"breadcrumb\":{\"@id\":\"https:\/\/www.ccabogados.com\/es\/#breadcrumb\"},\"inLanguage\":\"es\",\"potentialAction\":[{\"@type\":\"ReadAction\",\"target\":[\"https:\/\/www.ccabogados.com\/es\/\"]}]},{\"@type\":\"BreadcrumbList\",\"@id\":\"https:\/\/www.ccabogados.com\/es\/#breadcrumb\",\"itemListElement\":[{\"@type\":\"ListItem\",\"position\":1,\"name\":\"Home\",\"item\":\"https:\/\/www.ccabogados.com\/es\/\"},{\"@type\":\"ListItem\",\"position\":2,\"name\":\"Inicio\"}]},{\"@type\":\"WebSite\",\"@id\":\"https:\/\/www.ccabogados.com\/#website\",\"url\":\"https:\/\/www.ccabogados.com\/\",\"name\":\"CC Abogados\",\"description\":\"Abogados, David, Panam\u00e1\",\"potentialAction\":[{\"@type\":\"SearchAction\",\"target\":{\"@type\":\"EntryPoint\",\"urlTemplate\":\"https:\/\/www.ccabogados.com\/?s={search_term_string}\"},\"query-input\":{\"@type\":\"PropertyValueSpecification\",\"valueRequired\":true,\"valueName\":\"search_term_string\"}}],\"inLanguage\":\"es\"}]}<\/script>\n<!-- \/ Yoast SEO plugin. -->","yoast_head_json":{"title":"Abogados en David, Chiriqu\u00ed - Boquete - Santiago de Veraguas \u2013 Panam\u00e1","description":"Candanedo Correa Abogados, somos una firma de abogados en David Chiriqu\u00ed, Panam\u00e1; con m\u00e1s de 12 a\u00f1os de experiencia en materia de derecho y asesor\u00edas.","robots":{"index":"index","follow":"follow","max-snippet":"max-snippet:-1","max-image-preview":"max-image-preview:large","max-video-preview":"max-video-preview:-1"},"canonical":"https:\/\/www.ccabogados.com\/es\/","og_locale":"es_ES","og_type":"article","og_title":"Abogados en David, Chiriqu\u00ed - Boquete - Santiago de Veraguas \u2013 Panam\u00e1","og_description":"Candanedo Correa Abogados, somos una firma de abogados en David Chiriqu\u00ed, Panam\u00e1; con m\u00e1s de 12 a\u00f1os de experiencia en materia de derecho y asesor\u00edas.","og_url":"https:\/\/www.ccabogados.com\/es\/","og_site_name":"CC Abogados","article_modified_time":"2024-09-16T22:03:08+00:00","twitter_card":"summary_large_image","schema":{"@context":"https:\/\/schema.org","@graph":[{"@type":"WebPage","@id":"https:\/\/www.ccabogados.com\/es\/","url":"https:\/\/www.ccabogados.com\/es\/","name":"Abogados en David, Chiriqu\u00ed - Boquete - Santiago de Veraguas \u2013 Panam\u00e1","isPartOf":{"@id":"https:\/\/www.ccabogados.com\/#website"},"datePublished":"2016-12-13T19:11:09+00:00","dateModified":"2024-09-16T22:03:08+00:00","description":"Candanedo Correa Abogados, somos una firma de abogados en David Chiriqu\u00ed, Panam\u00e1; con m\u00e1s de 12 a\u00f1os de experiencia en materia de derecho y asesor\u00edas.","breadcrumb":{"@id":"https:\/\/www.ccabogados.com\/es\/#breadcrumb"},"inLanguage":"es","potentialAction":[{"@type":"ReadAction","target":["https:\/\/www.ccabogados.com\/es\/"]}]},{"@type":"BreadcrumbList","@id":"https:\/\/www.ccabogados.com\/es\/#breadcrumb","itemListElement":[{"@type":"ListItem","position":1,"name":"Home","item":"https:\/\/www.ccabogados.com\/es\/"},{"@type":"ListItem","position":2,"name":"Inicio"}]},{"@type":"WebSite","@id":"https:\/\/www.ccabogados.com\/#website","url":"https:\/\/www.ccabogados.com\/","name":"CC Abogados","description":"Abogados, David, Panam\u00e1","potentialAction":[{"@type":"SearchAction","target":{"@type":"EntryPoint","urlTemplate":"https:\/\/www.ccabogados.com\/?s={search_term_string}"},"query-input":{"@type":"PropertyValueSpecification","valueRequired":true,"valueName":"search_term_string"}}],"inLanguage":"es"}]}},"_links":{"self":[{"href":"https:\/\/www.ccabogados.com\/es\/wp-json\/wp\/v2\/pages\/28"}],"collection":[{"href":"https:\/\/www.ccabogados.com\/es\/wp-json\/wp\/v2\/pages"}],"about":[{"href":"https:\/\/www.ccabogados.com\/es\/wp-json\/wp\/v2\/types\/page"}],"author":[{"embeddable":true,"href":"https:\/\/www.ccabogados.com\/es\/wp-json\/wp\/v2\/users\/2"}],"replies":[{"embeddable":true,"href":"https:\/\/www.ccabogados.com\/es\/wp-json\/wp\/v2\/comments?post=28"}],"version-history":[{"count":3,"href":"https:\/\/www.ccabogados.com\/es\/wp-json\/wp\/v2\/pages\/28\/revisions"}],"predecessor-version":[{"id":1193,"href":"https:\/\/www.ccabogados.com\/es\/wp-json\/wp\/v2\/pages\/28\/revisions\/1193"}],"wp:attachment":[{"href":"https:\/\/www.ccabogados.com\/es\/wp-json\/wp\/v2\/media?parent=28"}],"curies":[{"name":"wp","href":"https:\/\/api.w.org\/{rel}","templated":true}]}}