{"id":22,"date":"2016-12-14T17:09:21","date_gmt":"2016-12-14T17:09:21","guid":{"rendered":"http:\/\/www.ccabogados.com\/ccabogados\/?page_id=22"},"modified":"2025-01-27T08:17:50","modified_gmt":"2025-01-27T13:17:50","slug":"contactenos","status":"publish","type":"page","link":"https:\/\/www.ccabogados.com\/es\/contactenos\/","title":{"rendered":"Cont\u00e1ctenos"},"content":{"rendered":"<div class='row'><div style='padding-bottom:35px; padding-top:0px; padding-left:15px; padding-right:15px' class='col-xs-12 col-sm-4 first-module module_number_1 module_cont  center_title module_iconboxes'><div class=\"module_wrapper\">\n\t\t\t<div class='module_content shortcode_iconbox'>\n\t\t\t\t\t\t\t\n\t\t\t\t<div class='iconbox_wrapper'>\n\t\t\t\t\t<span class='ico'><i class='fa fa fa-phone'><\/i><\/span><h2 class='iconbox_title'>Telefax<\/h2>\n\t\t\t\t\t<div class='iconbox_body'>\t\t\t\t\t\t\n\t\t\t\t\t\t<p>Ll&aacute;menos al:<br \/><a href=\"tel:5077753937\">(507) 775-3937<\/a> \/ <a href=\"tel:5077750843\">(507) 775-0843<\/a><\/p>\n\t\t\t\t\t<\/div>\t\t\t\t\t\n\t\t\t\t<\/div>\n\t\t\t\t\n\t\t\t<\/div>\n\t\t\t<\/div><\/div><div style='padding-bottom:35px; padding-top:0px; padding-left:15px; padding-right:15px' class='col-xs-12 col-sm-4  module_number_2 module_cont  center_title module_iconboxes'><div class=\"module_wrapper\">\n\t\t\t<div class='module_content shortcode_iconbox'>\n\t\t\t\t\t\t\t\n\t\t\t\t<div class='iconbox_wrapper'>\n\t\t\t\t\t<span class='ico'><i class='fa fa fa-envelope'><\/i><\/span><h2 class='iconbox_title'>Email<\/h2>\n\t\t\t\t\t<div class='iconbox_body'>\t\t\t\t\t\t\n\t\t\t\t\t\t<p>Escr&iacute;banos a:<br \/><a href=\"mailto:info@ccabogados.com\">info@ccabogados.com<\/a><\/p>\n\t\t\t\t\t<\/div>\t\t\t\t\t\n\t\t\t\t<\/div>\n\t\t\t\t\n\t\t\t<\/div>\n\t\t\t<\/div><\/div><div style='padding-bottom:35px; padding-top:0px; padding-left:15px; padding-right:15px' class='col-xs-12 col-sm-4  module_number_3 module_cont  center_title module_iconboxes'><div class=\"module_wrapper\">\n\t\t\t<div class='module_content shortcode_iconbox'>\n\t\t\t\t\t\t\t\n\t\t\t\t<div class='iconbox_wrapper'>\n\t\t\t\t\t<span class='ico'><i class='fa fa fa-map-marker'><\/i><\/span><h2 class='iconbox_title'>Ubicaci\u00f3n<\/h2>\n\t\t\t\t\t<div class='iconbox_body'>\t\t\t\t\t\t\n\t\t\t\t\t\t<p>- Calle A Sur, Avenida 2&ordf; y 3&ordf; Este Edificio Erikan, Local No. 1 Apartado Postal 0426-00122 David, Chiriqu&iacute;, Panam&aacute;<\/p>\r\n<p><span style=\"font-size: 14px;\">- Santa Cruz Tower, piso 1, local 109, sobre v&iacute;a Boquete, David, Chiriqu&iacute;.<\/span><\/p>\n\t\t\t\t\t<\/div>\t\t\t\t\t\n\t\t\t\t<\/div>\n\t\t\t\t\n\t\t\t<\/div>\n\t\t\t<\/div><\/div><\/div><div class='row'><div style='padding-bottom:35px; padding-top:10px; padding-left:15px; padding-right:15px' class='col-xs-12  module_number_4 module_cont  center_title module_text_area'><div class=\"module_wrapper\"><div class='bg_title centered' style='text-align:center; '><h2 style='' class='headInModule'>Env\u00edenos un mensaje<\/h2><span class='subtitle'>Cont\u00e1ctenos por medio de nuestro formulario de contacto, y muy pronto nos pondremos en contacto. <\/span><div class='heading_title_divider' style='border-color:#e4e6e8;'><\/div><\/div>\n                <div class='module_content'>\n                    <p>\n<div class=\"wpcf7 no-js\" id=\"wpcf7-f5-o1\" lang=\"es-ES\" dir=\"ltr\" data-wpcf7-id=\"5\">\n<div class=\"screen-reader-response\"><p role=\"status\" aria-live=\"polite\" aria-atomic=\"true\"><\/p> <ul><\/ul><\/div>\n<form action=\"\/es\/wp-json\/wp\/v2\/pages\/22#wpcf7-f5-o1\" method=\"post\" class=\"wpcf7-form init\" aria-label=\"Contact form\" novalidate=\"novalidate\" data-status=\"init\">\n<div style=\"display: none;\">\n<input type=\"hidden\" name=\"_wpcf7\" value=\"5\" \/>\n<input type=\"hidden\" name=\"_wpcf7_version\" value=\"6.0\" \/>\n<input type=\"hidden\" name=\"_wpcf7_locale\" value=\"es_ES\" \/>\n<input type=\"hidden\" name=\"_wpcf7_unit_tag\" value=\"wpcf7-f5-o1\" \/>\n<input type=\"hidden\" name=\"_wpcf7_container_post\" value=\"0\" \/>\n<input type=\"hidden\" name=\"_wpcf7_posted_data_hash\" value=\"\" \/>\n<\/div>\n<div class=\"input-row\">\n\t<div class=\"input-container\">\n\t\t<p><label> <span class=\"wpcf7-form-control-wrap\" data-name=\"nombre\"><input size=\"40\" maxlength=\"400\" class=\"wpcf7-form-control wpcf7-text wpcf7-validates-as-required\" aria-required=\"true\" aria-invalid=\"false\" placeholder=\"Nombre (requerido)\" value=\"\" type=\"text\" name=\"nombre\" \/><\/span> <\/label>\n\t\t<\/p>\n\t<\/div>\n\t<div class=\"input-half-container\">\n\t\t<p><label><span class=\"wpcf7-form-control-wrap\" data-name=\"email\"><input size=\"40\" maxlength=\"400\" class=\"wpcf7-form-control wpcf7-email wpcf7-validates-as-required wpcf7-text wpcf7-validates-as-email\" aria-required=\"true\" aria-invalid=\"false\" placeholder=\"Tu correo electr\u00f3nico (requerido)\" value=\"\" type=\"email\" name=\"email\" \/><\/span> <\/label>\n\t\t<\/p>\n\t<\/div>\n\t<div class=\"input-half-container\">\n\t\t<p><label><span class=\"wpcf7-form-control-wrap\" data-name=\"telefono\"><input size=\"40\" maxlength=\"400\" class=\"wpcf7-form-control wpcf7-text\" aria-invalid=\"false\" placeholder=\"Tel\u00e9fono\" value=\"\" type=\"text\" name=\"telefono\" \/><\/span> <\/label>\n\t\t<\/p>\n\t<\/div>\n\t<div class=\"input-container\">\n\t\t<p><label> <span class=\"wpcf7-form-control-wrap\" data-name=\"mensaje\"><textarea cols=\"40\" rows=\"10\" maxlength=\"2000\" class=\"wpcf7-form-control wpcf7-textarea\" aria-invalid=\"false\" placeholder=\"Mensaje\" name=\"mensaje\"><\/textarea><\/span> <\/label>\n\t\t<\/p>\n\t<\/div>\n\t<div class=\"input-half-container\">\n\t\t<p><input class=\"wpcf7-form-control wpcf7-submit has-spinner\" type=\"submit\" value=\"Enviar\" \/>\n\t\t<\/p>\n\t<\/div>\n\t<div class=\"input-half-container\">\n\t\t<p><span class=\"wpcf7-form-control-wrap kc_captcha\" data-name=\"kc_captcha\"><span class=\"wpcf7-form-control wpcf7-radio\"><span class=\"captcha-image\" ><span class=\"cf7ic_instructions\">Por favor, prueba que eres humano seleccionando el<span> coraz\u00f3n<\/span>.<\/span><label><input aria-label=\"1\" type=\"radio\" name=\"kc_captcha\" value=\"kc_human\" \/><svg width=\"50\" height=\"50\" aria-hidden=\"true\" role=\"img\" xmlns=\"http:\/\/www.w3.org\/2000\/svg\" viewBox=\"0 0 576 512\"><path fill=\"currentColor\" d=\"M415 24c-53 0-103 42-127 65-24-23-74-65-127-65C70 24 16 77 16 166c0 72 67 133 69 135l187 181c9 8 23 8 32 0l187-180c2-3 69-64 69-136 0-89-54-142-145-142z\"\/><\/svg><\/label><label><input aria-label=\"2\" type=\"radio\" name=\"kc_captcha\" value=\"bot\" \/><svg width=\"50\" height=\"50\" aria-hidden=\"true\" role=\"img\" xmlns=\"http:\/\/www.w3.org\/2000\/svg\" viewBox=\"0 0 576 512\"><path fill=\"currentColor\" d=\"M488 313v143c0 13-11 24-24 24H348c-7 0-12-5-12-12V356c0-7-5-12-12-12h-72c-7 0-12 5-12 12v112c0 7-5 12-12 12H112c-13 0-24-11-24-24V313c0-4 2-7 4-10l188-154c5-4 11-4 16 0l188 154c2 3 4 6 4 10zm84-61l-84-69V44c0-6-5-12-12-12h-56c-7 0-12 6-12 12v73l-89-74a48 48 0 00-61 0L4 252c-5 4-5 12-1 17l25 31c5 5 12 5 17 1l235-193c5-4 11-4 16 0l235 193c5 5 13 4 17-1l25-31c4-6 4-13-1-17z\"\/><\/svg><\/label><label><input aria-label=\"3\" type=\"radio\" name=\"kc_captcha\" value=\"bot\" \/><svg width=\"50\" height=\"50\" aria-hidden=\"true\" role=\"img\" xmlns=\"http:\/\/www.w3.org\/2000\/svg\" viewBox=\"0 0 512 512\"><path fill=\"currentColor\" d=\"M350 99c-54 0-98-35-166-35-25 0-47 4-68 12a56 56 0 004-24C118 24 95 1 66 0a56 56 0 00-34 102v386c0 13 11 24 24 24h16c13 0 24-11 24-24v-94c28-12 64-23 114-23 54 0 98 35 166 35 48 0 86-16 122-41 9-6 14-15 14-26V96c0-23-24-39-45-29-35 16-77 32-117 32z\"\/><\/svg><\/label>\r\n    <\/span>\r\n    <span style=\"display:none\">\r\n        <input type=\"text\" name=\"kc_honeypot\">\r\n    <\/span><\/span><\/span>\n\t\t<\/p>\n\t<\/div>\n<\/div><p style=\"display: none !important;\" class=\"akismet-fields-container\" data-prefix=\"_wpcf7_ak_\"><label>&#916;<textarea name=\"_wpcf7_ak_hp_textarea\" cols=\"45\" rows=\"8\" maxlength=\"100\"><\/textarea><\/label><input type=\"hidden\" id=\"ak_js_1\" name=\"_wpcf7_ak_js\" value=\"132\"\/><script>document.getElementById( \"ak_js_1\" ).setAttribute( \"value\", ( new Date() ).getTime() );<\/script><\/p><div class=\"wpcf7-response-output\" aria-hidden=\"true\"><\/div>\n<\/form>\n<\/div>\n<\/p>\n                <\/div><\/div><\/div><\/div><div class='row'><div style='padding-bottom:0px; padding-top:0px; padding-left:0px; padding-right:0px' class='col-xs-12  module_number_5 module_cont  center_title module_google_map'><div class=\"module_wrapper \">\n\t\t\t<div class='module_content'>\n\t\t\t    <iframe loading=\"lazy\" src=\"https:\/\/www.google.com\/maps\/embed?pb=!1m18!1m12!1m3!1d3946.74410722414!2d-82.4275274!3d8.426772!2m3!1f0!2f0!3f0!3m2!1i1024!2i768!4f13.1!3m3!1m2!1s0x8fa59d76bc14a31f%3A0xf43cdcc661f94297!2sCandanedo+Correa!5e0!3m2!1ses!2scr!4v1481652628915\" width=\"100%\" height=\"500\" frameborder=\"0\" style=\"border:0\" allowfullscreen><\/iframe>\n\t\t\t<\/div><\/div><\/div><\/div>","protected":false},"excerpt":{"rendered":"<p>Telefax Ll&aacute;menos al:(507) 775-3937 \/ (507) 775-0843 Email Escr&iacute;banos a:info@ccabogados.com Ubicaci\u00f3n &#8211; Calle A Sur, Avenida 2&ordf; y 3&ordf; Este Edificio Erikan, Local No. 1 Apartado Postal 0426-00122 David, Chiriqu&iacute;, Panam&aacute; &#8211; Santa Cruz Tower, piso 1, local 109, sobre v&iacute;a Boquete, David, Chiriqu&iacute;. Env\u00edenos un mensajeCont\u00e1ctenos por medio de nuestro formulario de contacto, y muy pronto nos pondremos en contacto. Por favor, prueba que eres humano seleccionando el cami\u00f3n. &#916;<\/p>\n","protected":false},"author":2,"featured_media":0,"parent":0,"menu_order":0,"comment_status":"closed","ping_status":"closed","template":"","meta":{"footnotes":""},"class_list":["post-22","page","type-page","status-publish","hentry"],"yoast_head":"<!-- This site is optimized with the Yoast SEO plugin v23.7 - https:\/\/yoast.com\/wordpress\/plugins\/seo\/ -->\n<title>Bufetes de abogados en David, Chiriqu\u00ed - Panam\u00e1<\/title>\n<meta name=\"description\" content=\"Para m\u00e1s informaci\u00f3n puede contactarnos a trav\u00e9s de los tel\u00e9fonos (507) 775-3937 \/ (507) 775-0843, o el correo electr\u00f3nico info@ccabogados.com\" \/>\n<meta name=\"robots\" content=\"index, follow, max-snippet:-1, max-image-preview:large, max-video-preview:-1\" \/>\n<link rel=\"canonical\" href=\"https:\/\/www.ccabogados.com\/es\/contactenos\/\" \/>\n<meta property=\"og:locale\" content=\"es_ES\" \/>\n<meta property=\"og:type\" content=\"article\" \/>\n<meta property=\"og:title\" content=\"Bufetes de abogados en David, Chiriqu\u00ed - Panam\u00e1\" \/>\n<meta property=\"og:description\" content=\"Para m\u00e1s informaci\u00f3n puede contactarnos a trav\u00e9s de los tel\u00e9fonos (507) 775-3937 \/ (507) 775-0843, o el correo electr\u00f3nico info@ccabogados.com\" \/>\n<meta property=\"og:url\" content=\"https:\/\/www.ccabogados.com\/es\/contactenos\/\" \/>\n<meta property=\"og:site_name\" content=\"CC Abogados\" \/>\n<meta property=\"article:modified_time\" content=\"2025-01-27T13:17:50+00:00\" \/>\n<meta name=\"twitter:card\" content=\"summary_large_image\" \/>\n<script type=\"application\/ld+json\" class=\"yoast-schema-graph\">{\"@context\":\"https:\/\/schema.org\",\"@graph\":[{\"@type\":\"WebPage\",\"@id\":\"https:\/\/www.ccabogados.com\/es\/contactenos\/\",\"url\":\"https:\/\/www.ccabogados.com\/es\/contactenos\/\",\"name\":\"Bufetes de abogados en David, Chiriqu\u00ed - Panam\u00e1\",\"isPartOf\":{\"@id\":\"https:\/\/www.ccabogados.com\/#website\"},\"datePublished\":\"2016-12-14T17:09:21+00:00\",\"dateModified\":\"2025-01-27T13:17:50+00:00\",\"description\":\"Para m\u00e1s informaci\u00f3n puede contactarnos a trav\u00e9s de los tel\u00e9fonos (507) 775-3937 \/ (507) 775-0843, o el correo electr\u00f3nico info@ccabogados.com\",\"breadcrumb\":{\"@id\":\"https:\/\/www.ccabogados.com\/es\/contactenos\/#breadcrumb\"},\"inLanguage\":\"es\",\"potentialAction\":[{\"@type\":\"ReadAction\",\"target\":[\"https:\/\/www.ccabogados.com\/es\/contactenos\/\"]}]},{\"@type\":\"BreadcrumbList\",\"@id\":\"https:\/\/www.ccabogados.com\/es\/contactenos\/#breadcrumb\",\"itemListElement\":[{\"@type\":\"ListItem\",\"position\":1,\"name\":\"Home\",\"item\":\"https:\/\/www.ccabogados.com\/es\/\"},{\"@type\":\"ListItem\",\"position\":2,\"name\":\"Cont\u00e1ctenos\"}]},{\"@type\":\"WebSite\",\"@id\":\"https:\/\/www.ccabogados.com\/#website\",\"url\":\"https:\/\/www.ccabogados.com\/\",\"name\":\"CC Abogados\",\"description\":\"Abogados, David, Panam\u00e1\",\"potentialAction\":[{\"@type\":\"SearchAction\",\"target\":{\"@type\":\"EntryPoint\",\"urlTemplate\":\"https:\/\/www.ccabogados.com\/?s={search_term_string}\"},\"query-input\":{\"@type\":\"PropertyValueSpecification\",\"valueRequired\":true,\"valueName\":\"search_term_string\"}}],\"inLanguage\":\"es\"}]}<\/script>\n<!-- \/ Yoast SEO plugin. -->","yoast_head_json":{"title":"Bufetes de abogados en David, Chiriqu\u00ed - Panam\u00e1","description":"Para m\u00e1s informaci\u00f3n puede contactarnos a trav\u00e9s de los tel\u00e9fonos (507) 775-3937 \/ (507) 775-0843, o el correo electr\u00f3nico info@ccabogados.com","robots":{"index":"index","follow":"follow","max-snippet":"max-snippet:-1","max-image-preview":"max-image-preview:large","max-video-preview":"max-video-preview:-1"},"canonical":"https:\/\/www.ccabogados.com\/es\/contactenos\/","og_locale":"es_ES","og_type":"article","og_title":"Bufetes de abogados en David, Chiriqu\u00ed - Panam\u00e1","og_description":"Para m\u00e1s informaci\u00f3n puede contactarnos a trav\u00e9s de los tel\u00e9fonos (507) 775-3937 \/ (507) 775-0843, o el correo electr\u00f3nico info@ccabogados.com","og_url":"https:\/\/www.ccabogados.com\/es\/contactenos\/","og_site_name":"CC Abogados","article_modified_time":"2025-01-27T13:17:50+00:00","twitter_card":"summary_large_image","schema":{"@context":"https:\/\/schema.org","@graph":[{"@type":"WebPage","@id":"https:\/\/www.ccabogados.com\/es\/contactenos\/","url":"https:\/\/www.ccabogados.com\/es\/contactenos\/","name":"Bufetes de abogados en David, Chiriqu\u00ed - Panam\u00e1","isPartOf":{"@id":"https:\/\/www.ccabogados.com\/#website"},"datePublished":"2016-12-14T17:09:21+00:00","dateModified":"2025-01-27T13:17:50+00:00","description":"Para m\u00e1s informaci\u00f3n puede contactarnos a trav\u00e9s de los tel\u00e9fonos (507) 775-3937 \/ (507) 775-0843, o el correo electr\u00f3nico info@ccabogados.com","breadcrumb":{"@id":"https:\/\/www.ccabogados.com\/es\/contactenos\/#breadcrumb"},"inLanguage":"es","potentialAction":[{"@type":"ReadAction","target":["https:\/\/www.ccabogados.com\/es\/contactenos\/"]}]},{"@type":"BreadcrumbList","@id":"https:\/\/www.ccabogados.com\/es\/contactenos\/#breadcrumb","itemListElement":[{"@type":"ListItem","position":1,"name":"Home","item":"https:\/\/www.ccabogados.com\/es\/"},{"@type":"ListItem","position":2,"name":"Cont\u00e1ctenos"}]},{"@type":"WebSite","@id":"https:\/\/www.ccabogados.com\/#website","url":"https:\/\/www.ccabogados.com\/","name":"CC Abogados","description":"Abogados, David, Panam\u00e1","potentialAction":[{"@type":"SearchAction","target":{"@type":"EntryPoint","urlTemplate":"https:\/\/www.ccabogados.com\/?s={search_term_string}"},"query-input":{"@type":"PropertyValueSpecification","valueRequired":true,"valueName":"search_term_string"}}],"inLanguage":"es"}]}},"_links":{"self":[{"href":"https:\/\/www.ccabogados.com\/es\/wp-json\/wp\/v2\/pages\/22"}],"collection":[{"href":"https:\/\/www.ccabogados.com\/es\/wp-json\/wp\/v2\/pages"}],"about":[{"href":"https:\/\/www.ccabogados.com\/es\/wp-json\/wp\/v2\/types\/page"}],"author":[{"embeddable":true,"href":"https:\/\/www.ccabogados.com\/es\/wp-json\/wp\/v2\/users\/2"}],"replies":[{"embeddable":true,"href":"https:\/\/www.ccabogados.com\/es\/wp-json\/wp\/v2\/comments?post=22"}],"version-history":[{"count":3,"href":"https:\/\/www.ccabogados.com\/es\/wp-json\/wp\/v2\/pages\/22\/revisions"}],"predecessor-version":[{"id":27,"href":"https:\/\/www.ccabogados.com\/es\/wp-json\/wp\/v2\/pages\/22\/revisions\/27"}],"wp:attachment":[{"href":"https:\/\/www.ccabogados.com\/es\/wp-json\/wp\/v2\/media?parent=22"}],"curies":[{"name":"wp","href":"https:\/\/api.w.org\/{rel}","templated":true}]}}