{"id":19,"date":"2016-12-13T17:48:36","date_gmt":"2016-12-13T17:48:36","guid":{"rendered":"http:\/\/www.ccabogados.com\/ccabogados\/?page_id=19"},"modified":"2024-09-16T17:27:05","modified_gmt":"2024-09-16T22:27:05","slug":"quienes-somos","status":"publish","type":"page","link":"https:\/\/www.ccabogados.com\/es\/quienes-somos\/","title":{"rendered":"Qui\u00e9nes Somos"},"content":{"rendered":"<div class=\"bg_start_module fw_block stretch  left-center-background \" data-option=\"stretch\" style= \"background: #f8f8f8 url('https:\/\/www.ccabogados.com\/wp-content\/uploads\/2024\/06\/Breadcrumb-Quienes-somos.webp') repeat 0 0; padding-top:0px; margin-bottom:35px;\"><div class='row'><div style='padding-bottom:50px; padding-top:50px; padding-left:15px; padding-right:15px' class='col-xs-12 first-module module_number_1 module_cont  center_title module_title'><div class='module_wrapper'><div class='bg_title centered' style='text-align:center;'><h3 style='' class='headInModule'><h1 style=\"color:#ffffff;\">Qui\u00e9nes Somos<\/h1><\/h3><span class='subtitle'><p style=\"color:#ffffff;\">CANDANEDO CORREA es una firma de abogados que ofrece a sus clientes servicios de alta calidad, al brindar completa y experimentada asesor\u00eda en asuntos legales.<\/p><\/span><div class='heading_title_divider' style='border-color:#e4e6e8;'><\/div><\/div><\/div><\/div><\/div><\/div><!-- module_bg_end --><div class='row'><div style='padding-bottom:35px; padding-top:40px; padding-left:15px; padding-right:15px' class='col-xs-12 col-sm-6  module_number_2 module_cont  center_title module_imagefield'><div class=\"module_wrapper \">\n                <div class='image_box image_type_default image_align_left image_size_default'>\n                    \n                            <div class='image_wrapper'>\n                                <img src='https:\/\/www.ccabogados.com\/wp-content\/uploads\/2024\/06\/Quienes-Somos.webp' alt='' \/>\n                            <\/div>\n                        \n                <\/div>\n            <\/div>\n            <\/div><div style='padding-bottom:35px; padding-top:40px; padding-left:15px; padding-right:15px' class='col-xs-12 col-sm-6  module_number_3 module_cont  center_title module_text_area'><div class=\"module_wrapper\">\n                <div class='module_content'>\n                    <p>Siempre teniendo en cuenta el crecimiento y la expansi&oacute;n de ideas, CANDANEDO CORREA est&aacute; conformado por un equipo de profesionales especializados, con m&aacute;s de veinte a&ntilde;os de experiencia, altamente calificados y con experiencia en diversas disciplinas del derecho, trabajando bajo los principios de &eacute;tica, integridad, honestidad, responsabilidad y transparencia, lo que nos permite brindar una respuesta personalizada, efectiva y oportuna a nuestros clientes.<\/p>\r\n<p>Comprometidos a proporcionar a nuestros clientes \"tranquilidad\", nuestro trabajo se basa en la relaci&oacute;n cliente-abogado, practicando el derecho con un s&oacute;lido conocimiento legal y brindando confianza y seguridad jur&iacute;dica a nuestros clientes cuando los representamos.<\/p>\r\n<p>Contamos con asociados de la mejor capacidad profesional en derecho inmobiliario, derecho de inmigraci&oacute;n, accidentes de tr&aacute;fico, contabilidad, derecho fiscal y asuntos de seguros.<\/p>\r\n<p>Podemos ayudarle con sus necesidades legales brindando lo que es m&aacute;s importante para nuestros clientes: tranquilidad.<\/p>\n                <\/div><\/div><\/div><\/div><div class='row'><div style='padding-bottom:35px; padding-top:0px; padding-left:15px; padding-right:15px' class='col-xs-12  module_number_4 module_cont   module_divider'><hr class=\"type1 \"><\/div><\/div><div class='row'><div style='padding-bottom:35px; padding-top:0px; padding-left:15px; padding-right:15px' class='col-xs-12  module_number_5 module_cont  center_title module_text_area'><div class=\"module_wrapper\">\n                <div class='module_content'>\n                    <p><div class=\"module_wrapper\"><div class='bg_title centered' style='text-align:center; '><h2 style='' class='headInModule secondtitle'>Conozca Nuestros Abogados<\/h2><span class='subtitle'>Nuestros abogados combinan m\u00e1s de 20 a\u00f1os de experiencia en diferentes \u00e1reas del derecho, en su mayor\u00eda relacionadas con los campos de accidentes de tr\u00e1nsito, Derecho Corporativo y Comercial y Servicios Legales dise\u00f1ados espec\u00edficamente para atender a la comunidad de extranjeros que desea trasladarse a Chiriqu\u00ed, Panam\u00e1.<\/span><div class='heading_title_divider' style='border-color:#e4e6e8;'><\/div><\/div>\n        <div class=\"team_slider_zews\">\n            <div class=\"carouselslider teamslider items-3  \" data-count=\"3\">\n            \t<ul class=\"item_list\" data-count=\"3\">\n\t\t\t\t\t<li class=\"team_item\" style=\"width:33.333333333333%\">\n\t\t\t\t\t\t<div class=\"item_wrapper\">\n\t\t\t\t\t\t\t<div class=\"item\">\n\t\t\t\t\t\t\t\t<div class=\"img_block team_img\"><a href=\"https:\/\/www.ccabogados.com\/es\/team\/betsy-correa-candanedo\/\"><img decoding=\"async\" src=\"https:\/\/www.ccabogados.com\/wp-content\/uploads\/2016\/12\/Betsy-Correa-Candanedo-Team-740x500.webp\" alt=\"Betsy Correa Candanedo\" \/><\/a>\n\t\t\t\t\t\t\t\t<\/div>\n\t\t\t\t\t\t\t\t<div class=\"team_content\">\n\t\t\t\t\t\t\t\t\t<div class=\"team_title\">\n\t\t\t\t\t\t\t\t\t\t<h3><a href=\"https:\/\/www.ccabogados.com\/es\/team\/betsy-correa-candanedo\/\">Betsy Correa de Candanedo<\/a><\/h3>\n\t\t\t\t\t\t\t\t\t\t<div class=\"op\">bcorrea@ccabogados.com<\/div>\n\t\t\t\t\t\t\t\t\t<\/div><\/div>\n\t\t\t\t\t\t\t<\/div>\n\t\t\t\t\t\t<\/div>\n                    <\/li>\n\t\t\t\t\n\t\t\t\t\t<li class=\"team_item\" style=\"width:33.333333333333%\">\n\t\t\t\t\t\t<div class=\"item_wrapper\">\n\t\t\t\t\t\t\t<div class=\"item\">\n\t\t\t\t\t\t\t\t<div class=\"img_block team_img\"><a href=\"https:\/\/www.ccabogados.com\/es\/team\/eric-rolando-candanedo\/\"><img decoding=\"async\" src=\"https:\/\/www.ccabogados.com\/wp-content\/uploads\/2016\/12\/Eric-Rolando-Candanedo-Team-740x500.webp\" alt=\"Eric Rolando Candanedo\" \/><\/a>\n\t\t\t\t\t\t\t\t<\/div>\n\t\t\t\t\t\t\t\t<div class=\"team_content\">\n\t\t\t\t\t\t\t\t\t<div class=\"team_title\">\n\t\t\t\t\t\t\t\t\t\t<h3><a href=\"https:\/\/www.ccabogados.com\/es\/team\/eric-rolando-candanedo\/\">Eric Rolando Candanedo<\/a><\/h3>\n\t\t\t\t\t\t\t\t\t\t<div class=\"op\">ecandanedo@cyccpa.com<\/div>\n\t\t\t\t\t\t\t\t\t<\/div><\/div>\n\t\t\t\t\t\t\t<\/div>\n\t\t\t\t\t\t<\/div>\n                    <\/li>\n\t\t\t\t\n\t\t\t\t\t<li class=\"team_item\" style=\"width:33.333333333333%\">\n\t\t\t\t\t\t<div class=\"item_wrapper\">\n\t\t\t\t\t\t\t<div class=\"item\">\n\t\t\t\t\t\t\t\t<div class=\"img_block team_img\"><a href=\"https:\/\/www.ccabogados.com\/es\/team\/oliver-candanedo\/\"><img decoding=\"async\" src=\"https:\/\/www.ccabogados.com\/wp-content\/uploads\/2016\/12\/oliver-67071023d7180-740x500.webp\" alt=\"Oliver Candanedo\" \/><\/a>\n\t\t\t\t\t\t\t\t<\/div>\n\t\t\t\t\t\t\t\t<div class=\"team_content\">\n\t\t\t\t\t\t\t\t\t<div class=\"team_title\">\n\t\t\t\t\t\t\t\t\t\t<h3><a href=\"https:\/\/www.ccabogados.com\/es\/team\/oliver-candanedo\/\">Oliver Candanedo<\/a><\/h3>\n\t\t\t\t\t\t\t\t\t\t<div class=\"op\">ocandanedo@ccabogados.com<\/div>\n\t\t\t\t\t\t\t\t\t<\/div><\/div>\n\t\t\t\t\t\t\t<\/div>\n\t\t\t\t\t\t<\/div>\n                    <\/li>\n\t\t\t\t\n\t\t\t\t\t<li class=\"team_item\" style=\"width:33.333333333333%\">\n\t\t\t\t\t\t<div class=\"item_wrapper\">\n\t\t\t\t\t\t\t<div class=\"item\">\n\t\t\t\t\t\t\t\t<div class=\"img_block team_img\"><a href=\"https:\/\/www.ccabogados.com\/es\/team\/idaira-rivera\/\"><img decoding=\"async\" src=\"https:\/\/www.ccabogados.com\/wp-content\/uploads\/2016\/12\/Idaira-Rivera-Team-740x500.webp\" alt=\"Idaira Rivera\" \/><\/a>\n\t\t\t\t\t\t\t\t<\/div>\n\t\t\t\t\t\t\t\t<div class=\"team_content\">\n\t\t\t\t\t\t\t\t\t<div class=\"team_title\">\n\t\t\t\t\t\t\t\t\t\t<h3><a href=\"https:\/\/www.ccabogados.com\/es\/team\/idaira-rivera\/\">Idaira Rivera<\/a><\/h3>\n\t\t\t\t\t\t\t\t\t\t<div class=\"op\">irivera@ccabogados.com<\/div>\n\t\t\t\t\t\t\t\t\t<\/div><\/div>\n\t\t\t\t\t\t\t<\/div>\n\t\t\t\t\t\t<\/div>\n                    <\/li>\n\t\t\t\t\n\t\t\t\t\t<li class=\"team_item\" style=\"width:33.333333333333%\">\n\t\t\t\t\t\t<div class=\"item_wrapper\">\n\t\t\t\t\t\t\t<div class=\"item\">\n\t\t\t\t\t\t\t\t<div class=\"img_block team_img\"><a href=\"https:\/\/www.ccabogados.com\/es\/team\/abdiel-ortiz\/\"><img decoding=\"async\" src=\"https:\/\/www.ccabogados.com\/wp-content\/uploads\/2024\/10\/abdiel-ortiz-67071023d033a-740x500.webp\" alt=\"Abdiel Ortiz - Abogados Litigantes en el \u00c1rea Penal\" \/><\/a>\n\t\t\t\t\t\t\t\t<\/div>\n\t\t\t\t\t\t\t\t<div class=\"team_content\">\n\t\t\t\t\t\t\t\t\t<div class=\"team_title\">\n\t\t\t\t\t\t\t\t\t\t<h3><a href=\"https:\/\/www.ccabogados.com\/es\/team\/abdiel-ortiz\/\">Abdiel Ortiz<\/a><\/h3>\n\t\t\t\t\t\t\t\t\t\t<div class=\"op\"><\/div>\n\t\t\t\t\t\t\t\t\t<\/div><\/div>\n\t\t\t\t\t\t\t<\/div>\n\t\t\t\t\t\t<\/div>\n                    <\/li>\n\t\t\t\t\n\t\t\t\t\t<li class=\"team_item\" style=\"width:33.333333333333%\">\n\t\t\t\t\t\t<div class=\"item_wrapper\">\n\t\t\t\t\t\t\t<div class=\"item\">\n\t\t\t\t\t\t\t\t<div class=\"img_block team_img\"><a href=\"https:\/\/www.ccabogados.com\/es\/team\/anina-candanedo\/\"><img decoding=\"async\" src=\"https:\/\/www.ccabogados.com\/wp-content\/uploads\/2024\/10\/anina-candanedo-670710257d0e2-740x500.webp\" alt=\"Anina Candanedo - Oficial de Cumplimiento de Abogados\" \/><\/a>\n\t\t\t\t\t\t\t\t<\/div>\n\t\t\t\t\t\t\t\t<div class=\"team_content\">\n\t\t\t\t\t\t\t\t\t<div class=\"team_title\">\n\t\t\t\t\t\t\t\t\t\t<h3><a href=\"https:\/\/www.ccabogados.com\/es\/team\/anina-candanedo\/\">Anina Candanedo<\/a><\/h3>\n\t\t\t\t\t\t\t\t\t\t<div class=\"op\"><\/div>\n\t\t\t\t\t\t\t\t\t<\/div><\/div>\n\t\t\t\t\t\t\t<\/div>\n\t\t\t\t\t\t<\/div>\n                    <\/li>\n\t\t\t\t\n\t\t\t\t\t<li class=\"team_item\" style=\"width:33.333333333333%\">\n\t\t\t\t\t\t<div class=\"item_wrapper\">\n\t\t\t\t\t\t\t<div class=\"item\">\n\t\t\t\t\t\t\t\t<div class=\"img_block team_img\"><a href=\"https:\/\/www.ccabogados.com\/es\/team\/gabriela-pino\/\"><img decoding=\"async\" src=\"https:\/\/www.ccabogados.com\/wp-content\/uploads\/2024\/10\/gabriela-pino-67103ea90bd55-740x500.webp\" alt=\"Gabriela Pino - Abogados en Procesos Judiciales\" \/><\/a>\n\t\t\t\t\t\t\t\t<\/div>\n\t\t\t\t\t\t\t\t<div class=\"team_content\">\n\t\t\t\t\t\t\t\t\t<div class=\"team_title\">\n\t\t\t\t\t\t\t\t\t\t<h3><a href=\"https:\/\/www.ccabogados.com\/es\/team\/gabriela-pino\/\">Gabriela Pino<\/a><\/h3>\n\t\t\t\t\t\t\t\t\t\t<div class=\"op\"><\/div>\n\t\t\t\t\t\t\t\t\t<\/div><\/div>\n\t\t\t\t\t\t\t<\/div>\n\t\t\t\t\t\t<\/div>\n                    <\/li>\n\t\t\t\t\n\t\t\t\t\t<li class=\"team_item\" style=\"width:33.333333333333%\">\n\t\t\t\t\t\t<div class=\"item_wrapper\">\n\t\t\t\t\t\t\t<div class=\"item\">\n\t\t\t\t\t\t\t\t<div class=\"img_block team_img\"><a href=\"https:\/\/www.ccabogados.com\/es\/team\/jorlieth-rivera\/\"><img decoding=\"async\" src=\"https:\/\/www.ccabogados.com\/wp-content\/uploads\/2024\/10\/jorlieth-rivera-670710259b45d-740x500.webp\" alt=\"Jorlieth Rivera - Abogados en Derecho Comercial\" \/><\/a>\n\t\t\t\t\t\t\t\t<\/div>\n\t\t\t\t\t\t\t\t<div class=\"team_content\">\n\t\t\t\t\t\t\t\t\t<div class=\"team_title\">\n\t\t\t\t\t\t\t\t\t\t<h3><a href=\"https:\/\/www.ccabogados.com\/es\/team\/jorlieth-rivera\/\">Jorlieth Rivera<\/a><\/h3>\n\t\t\t\t\t\t\t\t\t\t<div class=\"op\"><\/div>\n\t\t\t\t\t\t\t\t\t<\/div><\/div>\n\t\t\t\t\t\t\t<\/div>\n\t\t\t\t\t\t<\/div>\n                    <\/li>\n\t\t\t\t\n\t\t\t\t\t<li class=\"team_item\" style=\"width:33.333333333333%\">\n\t\t\t\t\t\t<div class=\"item_wrapper\">\n\t\t\t\t\t\t\t<div class=\"item\">\n\t\t\t\t\t\t\t\t<div class=\"img_block team_img\"><a href=\"https:\/\/www.ccabogados.com\/es\/team\/maron-miranda\/\"><img decoding=\"async\" src=\"https:\/\/www.ccabogados.com\/wp-content\/uploads\/2024\/10\/maron-miranda-67071027243ef-740x500.webp\" alt=\"Maron Miranda - Abogados en Propiedad Industrial\" \/><\/a>\n\t\t\t\t\t\t\t\t<\/div>\n\t\t\t\t\t\t\t\t<div class=\"team_content\">\n\t\t\t\t\t\t\t\t\t<div class=\"team_title\">\n\t\t\t\t\t\t\t\t\t\t<h3><a href=\"https:\/\/www.ccabogados.com\/es\/team\/maron-miranda\/\">Maron Miranda<\/a><\/h3>\n\t\t\t\t\t\t\t\t\t\t<div class=\"op\"><\/div>\n\t\t\t\t\t\t\t\t\t<\/div><\/div>\n\t\t\t\t\t\t\t<\/div>\n\t\t\t\t\t\t<\/div>\n                    <\/li>\n\t\t\t\t<\/ul>\n             <\/div>\n             <div class=\"clear\"><\/div>\n        <\/div>\n        <div class=\"clear\"><\/div><\/div><\/p>\n                <\/div><\/div><\/div><\/div>","protected":false},"excerpt":{"rendered":"","protected":false},"author":2,"featured_media":0,"parent":0,"menu_order":0,"comment_status":"closed","ping_status":"closed","template":"","meta":{"footnotes":""},"class_list":["post-19","page","type-page","status-publish","hentry"],"yoast_head":"<!-- This site is optimized with the Yoast SEO plugin v23.7 - https:\/\/yoast.com\/wordpress\/plugins\/seo\/ -->\n<title>Firmas de Abogados en Chiriqu\u00ed - Boquete - Santiago de Veraguas - Panam\u00e1<\/title>\n<meta name=\"description\" content=\"Firmas de abogados en Panam\u00e1. Somos una firma de abogados de servicios de alta calidad y experimentada asesor\u00eda en asuntos legales.\" \/>\n<meta name=\"robots\" content=\"index, follow, max-snippet:-1, max-image-preview:large, max-video-preview:-1\" \/>\n<link rel=\"canonical\" href=\"https:\/\/www.ccabogados.com\/es\/quienes-somos\/\" \/>\n<meta property=\"og:locale\" content=\"es_ES\" \/>\n<meta property=\"og:type\" content=\"article\" \/>\n<meta property=\"og:title\" content=\"Firmas de Abogados en Chiriqu\u00ed - Boquete - Santiago de Veraguas - Panam\u00e1\" \/>\n<meta property=\"og:description\" content=\"Firmas de abogados en Panam\u00e1. Somos una firma de abogados de servicios de alta calidad y experimentada asesor\u00eda en asuntos legales.\" \/>\n<meta property=\"og:url\" content=\"https:\/\/www.ccabogados.com\/es\/quienes-somos\/\" \/>\n<meta property=\"og:site_name\" content=\"CC Abogados\" \/>\n<meta property=\"article:modified_time\" content=\"2024-09-16T22:27:05+00:00\" \/>\n<meta name=\"twitter:card\" content=\"summary_large_image\" \/>\n<script type=\"application\/ld+json\" class=\"yoast-schema-graph\">{\"@context\":\"https:\/\/schema.org\",\"@graph\":[{\"@type\":\"WebPage\",\"@id\":\"https:\/\/www.ccabogados.com\/es\/quienes-somos\/\",\"url\":\"https:\/\/www.ccabogados.com\/es\/quienes-somos\/\",\"name\":\"Firmas de Abogados en Chiriqu\u00ed - Boquete - Santiago de Veraguas - Panam\u00e1\",\"isPartOf\":{\"@id\":\"https:\/\/www.ccabogados.com\/#website\"},\"datePublished\":\"2016-12-13T17:48:36+00:00\",\"dateModified\":\"2024-09-16T22:27:05+00:00\",\"description\":\"Firmas de abogados en Panam\u00e1. Somos una firma de abogados de servicios de alta calidad y experimentada asesor\u00eda en asuntos legales.\",\"breadcrumb\":{\"@id\":\"https:\/\/www.ccabogados.com\/es\/quienes-somos\/#breadcrumb\"},\"inLanguage\":\"es\",\"potentialAction\":[{\"@type\":\"ReadAction\",\"target\":[\"https:\/\/www.ccabogados.com\/es\/quienes-somos\/\"]}]},{\"@type\":\"BreadcrumbList\",\"@id\":\"https:\/\/www.ccabogados.com\/es\/quienes-somos\/#breadcrumb\",\"itemListElement\":[{\"@type\":\"ListItem\",\"position\":1,\"name\":\"Home\",\"item\":\"https:\/\/www.ccabogados.com\/es\/\"},{\"@type\":\"ListItem\",\"position\":2,\"name\":\"Qui\u00e9nes Somos\"}]},{\"@type\":\"WebSite\",\"@id\":\"https:\/\/www.ccabogados.com\/#website\",\"url\":\"https:\/\/www.ccabogados.com\/\",\"name\":\"CC Abogados\",\"description\":\"Abogados, David, Panam\u00e1\",\"potentialAction\":[{\"@type\":\"SearchAction\",\"target\":{\"@type\":\"EntryPoint\",\"urlTemplate\":\"https:\/\/www.ccabogados.com\/?s={search_term_string}\"},\"query-input\":{\"@type\":\"PropertyValueSpecification\",\"valueRequired\":true,\"valueName\":\"search_term_string\"}}],\"inLanguage\":\"es\"}]}<\/script>\n<!-- \/ Yoast SEO plugin. -->","yoast_head_json":{"title":"Firmas de Abogados en Chiriqu\u00ed - Boquete - Santiago de Veraguas - Panam\u00e1","description":"Firmas de abogados en Panam\u00e1. Somos una firma de abogados de servicios de alta calidad y experimentada asesor\u00eda en asuntos legales.","robots":{"index":"index","follow":"follow","max-snippet":"max-snippet:-1","max-image-preview":"max-image-preview:large","max-video-preview":"max-video-preview:-1"},"canonical":"https:\/\/www.ccabogados.com\/es\/quienes-somos\/","og_locale":"es_ES","og_type":"article","og_title":"Firmas de Abogados en Chiriqu\u00ed - Boquete - Santiago de Veraguas - Panam\u00e1","og_description":"Firmas de abogados en Panam\u00e1. Somos una firma de abogados de servicios de alta calidad y experimentada asesor\u00eda en asuntos legales.","og_url":"https:\/\/www.ccabogados.com\/es\/quienes-somos\/","og_site_name":"CC Abogados","article_modified_time":"2024-09-16T22:27:05+00:00","twitter_card":"summary_large_image","schema":{"@context":"https:\/\/schema.org","@graph":[{"@type":"WebPage","@id":"https:\/\/www.ccabogados.com\/es\/quienes-somos\/","url":"https:\/\/www.ccabogados.com\/es\/quienes-somos\/","name":"Firmas de Abogados en Chiriqu\u00ed - Boquete - Santiago de Veraguas - Panam\u00e1","isPartOf":{"@id":"https:\/\/www.ccabogados.com\/#website"},"datePublished":"2016-12-13T17:48:36+00:00","dateModified":"2024-09-16T22:27:05+00:00","description":"Firmas de abogados en Panam\u00e1. Somos una firma de abogados de servicios de alta calidad y experimentada asesor\u00eda en asuntos legales.","breadcrumb":{"@id":"https:\/\/www.ccabogados.com\/es\/quienes-somos\/#breadcrumb"},"inLanguage":"es","potentialAction":[{"@type":"ReadAction","target":["https:\/\/www.ccabogados.com\/es\/quienes-somos\/"]}]},{"@type":"BreadcrumbList","@id":"https:\/\/www.ccabogados.com\/es\/quienes-somos\/#breadcrumb","itemListElement":[{"@type":"ListItem","position":1,"name":"Home","item":"https:\/\/www.ccabogados.com\/es\/"},{"@type":"ListItem","position":2,"name":"Qui\u00e9nes Somos"}]},{"@type":"WebSite","@id":"https:\/\/www.ccabogados.com\/#website","url":"https:\/\/www.ccabogados.com\/","name":"CC Abogados","description":"Abogados, David, Panam\u00e1","potentialAction":[{"@type":"SearchAction","target":{"@type":"EntryPoint","urlTemplate":"https:\/\/www.ccabogados.com\/?s={search_term_string}"},"query-input":{"@type":"PropertyValueSpecification","valueRequired":true,"valueName":"search_term_string"}}],"inLanguage":"es"}]}},"_links":{"self":[{"href":"https:\/\/www.ccabogados.com\/es\/wp-json\/wp\/v2\/pages\/19"}],"collection":[{"href":"https:\/\/www.ccabogados.com\/es\/wp-json\/wp\/v2\/pages"}],"about":[{"href":"https:\/\/www.ccabogados.com\/es\/wp-json\/wp\/v2\/types\/page"}],"author":[{"embeddable":true,"href":"https:\/\/www.ccabogados.com\/es\/wp-json\/wp\/v2\/users\/2"}],"replies":[{"embeddable":true,"href":"https:\/\/www.ccabogados.com\/es\/wp-json\/wp\/v2\/comments?post=19"}],"version-history":[{"count":2,"href":"https:\/\/www.ccabogados.com\/es\/wp-json\/wp\/v2\/pages\/19\/revisions"}],"predecessor-version":[{"id":199,"href":"https:\/\/www.ccabogados.com\/es\/wp-json\/wp\/v2\/pages\/19\/revisions\/199"}],"wp:attachment":[{"href":"https:\/\/www.ccabogados.com\/es\/wp-json\/wp\/v2\/media?parent=19"}],"curies":[{"name":"wp","href":"https:\/\/api.w.org\/{rel}","templated":true}]}}